{"id":10,"date":"2017-11-15T21:27:04","date_gmt":"2017-11-15T21:27:04","guid":{"rendered":"http:\/\/localhost:8080\/?page_id=10"},"modified":"2024-09-17T14:25:46","modified_gmt":"2024-09-17T14:25:46","slug":"contact-us","status":"publish","type":"page","link":"https:\/\/gabailbonding.com\/es\/contact-us\/","title":{"rendered":"Cont\u00e1ctenos"},"content":{"rendered":"<p><div class='content-column one_half'><\/div><div class='content-column one_half last_column'><\/div><div class='clear_column'><\/div><\/p>\n<p class=\"content-page-text\"><b>AA Professional Bail Bonds ofrece a sus clientes<\/b> con el mejor servicio en la zona. Cuando usted eligeAA Professional Bail Bonds, usted puede esperar:Cont\u00e1ctenos hoy mismo y llevar a su ser querido en casa de forma r\u00e1pida y segura.<\/p>\n<ul class=\"content-page-bullets\">\n<li>Servicio R\u00e1pido<\/li>\n<li>Precios Razonables<\/li>\n<li>Amplia informaci\u00f3n<\/li>\n<li>Confidencialidad<\/li>\n<\/ul>\n<hr \/>\n<h3>Nuestras Ubicaciones<\/h3>\n<div class='content-column one_half'><strong>AA Professional Bail Bonding<\/strong><br \/>\n774 Buford Drive<br \/>\nLawrenceville, GA 30043<br \/>\n<a href=\"https:\/\/goo.gl\/maps\/pVmjRMABLJx\" target=\"_blank\" rel=\"noopener noreferrer\">Ver Mapa<\/a><br \/><\/div>\n<div class='content-column one_half last_column'><strong>Fulton County Office<\/strong><br \/>\n826 Ellis Street<br \/>\nRoswell, GA 30075<br \/>\n<a href=\"https:\/\/goo.gl\/maps\/Y83b3jCo7sN2\" target=\"_blank\" rel=\"noopener noreferrer\">Ver Mapa<\/a><br \/><\/div><div class='clear_column'><\/div>\n<hr \/>\n<div class='content-column one_half'><strong>Clayton County Office<\/strong><br \/>\n8633 Tara Blvd.<br \/>\nJonesboro, GA 30236<br \/>\n<a href=\"https:\/\/goo.gl\/maps\/Tcxw5vnmAkR2\" target=\"_blank\" rel=\"noopener noreferrer\">Ver Mapa<\/a><br \/><\/div>\n<div class='content-column one_half last_column'><strong>24 Fast Bail Bonds Of DeKalb, LLC<\/strong><br \/>\n191 Northern Avenue<br \/>\nAvondale Estates, GA 30002<br \/>\n<a href=\"https:\/\/goo.gl\/maps\/M5ESCKMkCpS2\" target=\"_blank\" rel=\"noopener noreferrer\">Ver Mapa<\/a><br \/><\/div><div class='clear_column'><\/div>\n<hr \/>\n<p class=\"contact-address\"><b>N\u00fameros de Tel\u00e9fono<\/b><br \/>\n<i>Local:<\/i> <a href=\"tel:678-831-0470\">(678) 831-0470<\/a><br \/>\n<i>Nacional:<\/i> <a href=\"tel:888-588-1705\">888-588-1705<\/a><\/p>\n<hr \/>\n<p><\/p>","protected":false},"excerpt":{"rendered":"<p>AA Professional Bail Bonds ofrece a sus clientes con el mejor servicio en la zona. Cuando usted eligeAA Professional Bail Bonds, usted puede esperar:Cont\u00e1ctenos hoy mismo y llevar a su ser querido en casa de forma r\u00e1pida y segura. Servicio R\u00e1pido Precios Razonables Amplia informaci\u00f3n Confidencialidad Nuestras Ubicaciones N\u00fameros de Tel\u00e9fono Local: (678) 831-0470 Nacional: [&#8230;]<\/p>\n<p><a class=\"btn btn-secondary\" href=\"https:\/\/gabailbonding.com\/es\/contact-us\/\">Leer m\u00e1s&#8230;<i data-feather=\"arrow-right\"><\/i><\/a><\/p>\n","protected":false},"author":1,"featured_media":0,"parent":0,"menu_order":0,"comment_status":"closed","ping_status":"closed","template":"page-templates\/right-sidebarpage.php","meta":{"footnotes":""},"class_list":["post-10","page","type-page","status-publish","hentry"],"_links":{"self":[{"href":"https:\/\/gabailbonding.com\/es\/wp-json\/wp\/v2\/pages\/10","targetHints":{"allow":["GET"]}}],"collection":[{"href":"https:\/\/gabailbonding.com\/es\/wp-json\/wp\/v2\/pages"}],"about":[{"href":"https:\/\/gabailbonding.com\/es\/wp-json\/wp\/v2\/types\/page"}],"author":[{"embeddable":true,"href":"https:\/\/gabailbonding.com\/es\/wp-json\/wp\/v2\/users\/1"}],"replies":[{"embeddable":true,"href":"https:\/\/gabailbonding.com\/es\/wp-json\/wp\/v2\/comments?post=10"}],"version-history":[{"count":0,"href":"https:\/\/gabailbonding.com\/es\/wp-json\/wp\/v2\/pages\/10\/revisions"}],"wp:attachment":[{"href":"https:\/\/gabailbonding.com\/es\/wp-json\/wp\/v2\/media?parent=10"}],"curies":[{"name":"wp","href":"https:\/\/api.w.org\/{rel}","templated":true}]}}