{"id":16,"date":"2017-11-16T19:33:46","date_gmt":"2017-11-16T19:33:46","guid":{"rendered":"http:\/\/localhost:8080\/?page_id=16"},"modified":"2024-04-15T17:49:28","modified_gmt":"2024-04-15T17:49:28","slug":"about-us","status":"publish","type":"page","link":"https:\/\/gabailbonding.com\/es\/about-us\/","title":{"rendered":"Sobre Nosotros"},"content":{"rendered":"<p>Un agente de fianzas, agente de fianzas, agente de fianzas o agente de fianzas es cualquier persona, agencia o corporaci\u00f3n que actuar\u00e1 como fianza y se comprometer\u00e1 con dinero o propiedades como fianza por la comparecencia de las personas acusadas ante un tribunal. Aunque los bancos, las compa\u00f1\u00edas de seguros y otras instituciones similares suelen ser fiadores de otros tipos de contratos (por ejemplo, para contratar a un contratista que tiene la obligaci\u00f3n contractual de pagar la finalizaci\u00f3n de un proyecto de construcci\u00f3n), esas entidades son reacias a poner sus fondos de depositantes o titulares de p\u00f3lizas con el tipo de riesgo involucrado en la publicaci\u00f3n de una fianza. Los agentes de fianzas, por otro lado, generalmente est\u00e1n en el negocio para atender a los acusados \u200b\u200bcriminales, a menudo asegurando la liberaci\u00f3n de sus clientes en pocas horas. Los agentes de fianzas se encuentran casi exclusivamente en los Estados Unidos y su antigua rep\u00fablica, Filipinas. [1] En la mayor\u00eda de los dem\u00e1s pa\u00edses, la pr\u00e1ctica de la caza de recompensas es ilegal. [2] La industria est\u00e1 representada por varias asociaciones comerciales, con los Agentes de fianzas profesionales (PBUS) de los Estados Unidos y la American Bail Coalition formando un grupo paraguas en los Estados Unidos.<\/p>","protected":false},"excerpt":{"rendered":"<p>Un agente de fianzas, agente de fianzas, agente de fianzas o agente de fianzas es cualquier persona, agencia o corporaci\u00f3n que actuar\u00e1 como fianza y se comprometer\u00e1 con dinero o propiedades como fianza por la comparecencia de las personas acusadas ante un tribunal. Aunque los bancos, las compa\u00f1\u00edas de seguros y otras instituciones similares suelen [&#8230;]<\/p>\n<p><a class=\"btn btn-secondary\" href=\"https:\/\/gabailbonding.com\/es\/about-us\/\">Leer m\u00e1s&#8230;<i data-feather=\"arrow-right\"><\/i><\/a><\/p>\n","protected":false},"author":1,"featured_media":0,"parent":0,"menu_order":0,"comment_status":"closed","ping_status":"closed","template":"page-templates\/right-sidebarpage.php","meta":{"footnotes":""},"class_list":["post-16","page","type-page","status-publish","hentry"],"_links":{"self":[{"href":"https:\/\/gabailbonding.com\/es\/wp-json\/wp\/v2\/pages\/16","targetHints":{"allow":["GET"]}}],"collection":[{"href":"https:\/\/gabailbonding.com\/es\/wp-json\/wp\/v2\/pages"}],"about":[{"href":"https:\/\/gabailbonding.com\/es\/wp-json\/wp\/v2\/types\/page"}],"author":[{"embeddable":true,"href":"https:\/\/gabailbonding.com\/es\/wp-json\/wp\/v2\/users\/1"}],"replies":[{"embeddable":true,"href":"https:\/\/gabailbonding.com\/es\/wp-json\/wp\/v2\/comments?post=16"}],"version-history":[{"count":0,"href":"https:\/\/gabailbonding.com\/es\/wp-json\/wp\/v2\/pages\/16\/revisions"}],"wp:attachment":[{"href":"https:\/\/gabailbonding.com\/es\/wp-json\/wp\/v2\/media?parent=16"}],"curies":[{"name":"wp","href":"https:\/\/api.w.org\/{rel}","templated":true}]}}