{"id":160,"date":"2017-11-28T20:45:50","date_gmt":"2017-11-28T20:45:50","guid":{"rendered":"http:\/\/localhost:8080\/?page_id=160"},"modified":"2024-04-15T17:55:15","modified_gmt":"2024-04-15T17:55:15","slug":"gwinnett-county","status":"publish","type":"page","link":"https:\/\/gabailbonding.com\/es\/gwinnett-county\/","title":{"rendered":"Condado de Gwinnett"},"content":{"rendered":"<p>AA Professional Bail Bonding es el servicio de fianzas m\u00e1s grande en el Condado de Gwinnett. Nuestro experimentado y cort\u00e9s personal est\u00e1 disponible los siete d\u00edas de la semana, las 24 horas del d\u00eda para ayudarlo con sus necesidades de fianzas en el Condado de Gwinnett.<\/p>\n<hr>\n<div class='content-column one_half'><p>\n<strong>Gwinnett County Jail \u2014 Lawrenceville<\/strong><br \/>\n2900 University Parkway<br \/>\nLawrenceville, GA 30043-4542<br \/>\n<a href=\"tel:770-619-6500\">(770) 619-6500<\/a><\/p>\n<p>\n<strong>Gwinnett County Municipal Court \u2014 Lawrenceville<\/strong><br \/>\n70 S Clayton Street<br \/>\nLawrenceville, GA<br \/>\n<a href=\"tel:770-963-3288\">(770) 963-3288<\/a><\/p>\n<p>\n<strong>Gwinnett County Superior &amp; Probate Court \u2014 Lawrenceville<\/strong><br \/>\n75 Langley Drive<br \/>\nLawrenceville, GA<br \/>\n<a href=\"tel:770-822-8100\">(770) 822-8100<\/a><\/p><\/div><div class='content-column one_half last_column'><p>\n<strong>Gwinnett County Municipal Court \u2014 Lilburn<\/strong><br \/>\n76 Main Street<br \/>\nLilburn, GA<br \/>\n<a href=\"tel:770-921-2505\">(770) 921-2505<\/a><\/p>\n<p>\n<strong>Gwinnett County Municipal Court \u2014 Suwanee<\/strong><br \/>\n323 Highway 23 NW<br \/>\nSuwanee, GA<br \/>\n<a href=\"tel:770-945-6962\">(770) 945-6962<\/a><\/p>\n<p>\n<strong>Gwinnett County Municipal Court \u2014 Snellville<\/strong><br \/>\n2342 Oak Road<br \/>\nSnellville, GA<br \/>\n<a href=\"tel:770-985-3550\">(770) 985-3550<\/a><\/p><\/div><div class='clear_column'><\/div><\/p>\n<hr>\n<p>Visite nuestra oficina de Lawrenceville o llame al 678-831-0470 \/ 888-588-1705 para comenzar el proceso de fianza.<\/p>","protected":false},"excerpt":{"rendered":"<p>AA Professional Bail Bonding es el servicio de fianzas m\u00e1s grande en el Condado de Gwinnett. Nuestro experimentado y cort\u00e9s personal est\u00e1 disponible los siete d\u00edas de la semana, las 24 horas del d\u00eda para ayudarlo con sus necesidades de fianzas en el Condado de Gwinnett. Visite nuestra oficina de Lawrenceville o llame al 678-831-0470 [&#8230;]<\/p>\n<p><a class=\"btn btn-secondary\" href=\"https:\/\/gabailbonding.com\/es\/gwinnett-county\/\">Leer m\u00e1s&#8230;<i data-feather=\"arrow-right\"><\/i><\/a><\/p>\n","protected":false},"author":1,"featured_media":0,"parent":0,"menu_order":0,"comment_status":"closed","ping_status":"closed","template":"page-templates\/right-sidebarpage.php","meta":{"footnotes":""},"class_list":["post-160","page","type-page","status-publish","hentry"],"_links":{"self":[{"href":"https:\/\/gabailbonding.com\/es\/wp-json\/wp\/v2\/pages\/160","targetHints":{"allow":["GET"]}}],"collection":[{"href":"https:\/\/gabailbonding.com\/es\/wp-json\/wp\/v2\/pages"}],"about":[{"href":"https:\/\/gabailbonding.com\/es\/wp-json\/wp\/v2\/types\/page"}],"author":[{"embeddable":true,"href":"https:\/\/gabailbonding.com\/es\/wp-json\/wp\/v2\/users\/1"}],"replies":[{"embeddable":true,"href":"https:\/\/gabailbonding.com\/es\/wp-json\/wp\/v2\/comments?post=160"}],"version-history":[{"count":0,"href":"https:\/\/gabailbonding.com\/es\/wp-json\/wp\/v2\/pages\/160\/revisions"}],"wp:attachment":[{"href":"https:\/\/gabailbonding.com\/es\/wp-json\/wp\/v2\/media?parent=160"}],"curies":[{"name":"wp","href":"https:\/\/api.w.org\/{rel}","templated":true}]}}