{"id":188,"date":"2017-12-06T22:36:52","date_gmt":"2017-12-06T22:36:52","guid":{"rendered":"http:\/\/165.227.112.51\/?page_id=188"},"modified":"2024-04-15T17:50:41","modified_gmt":"2024-04-15T17:50:41","slug":"timeline-obtaining-bail-bond","status":"publish","type":"page","link":"https:\/\/gabailbonding.com\/es\/process\/timeline-obtaining-bail-bond\/","title":{"rendered":"L\u00ednea de Tiempo"},"content":{"rendered":"<p><strong>Obtener una garant\u00eda es un proceso espec\u00edfico. <\/strong>Con AA Professional Bail Bonding el proceso es r\u00e1pido y confidencial. Al llegar a AA, para rescatar a su ser querido fuera de la c\u00e1rcel ir\u00e1 a trav\u00e9s de los siguientes pasos:<\/p>\n<h3>Llenar papeles<\/h3>\n<p>AA le proporcionar\u00e1 toda la documentaci\u00f3n necesaria y le guiar\u00e1 a trav\u00e9s de cada paso. A nadie se le deja en la oscuridad, el personal profesional puede responder a cualquier pregunta que pueda tener.<\/p>\n<h3>Pago de las tasas<\/h3>\n<p>Una vez que haya completado la documentaci\u00f3n tendr\u00e1 que pagar el importe acordado entre usted y AA. Una vez que el dinero se trasluce, AA har\u00e1 la mayor parte de los trabajos a que su ser querido en libertad.<\/p>\n<h3>AA pide c\u00e1rcel<\/h3>\n<p>Un miembro del personal llame a la c\u00e1rcel de su ser querido se est\u00e1 celebrando en informar inmediatamente a la libertad bajo fianza ha sido publicado. La c\u00e1rcel, entonces, procesar\u00e1 al acusado para su liberaci\u00f3n. La c\u00e1rcel va a procesar la documentaci\u00f3n y el nombre del acusado ir\u00e1 en una lista para el lanzamiento.<\/p>\n<h3>Ir al \u00e1rea de espera<\/h3>\n<p>En este punto usted puede ir a la c\u00e1rcel donde est\u00e1 su ser querido a cabo. AA traer\u00e1 el papeleo a la c\u00e1rcel, y firmar todo el papeleo.<\/p>\n<h3>Lleve a su ser querido Inicio<\/h3>\n<p>Una vez que AA ha firmado todos los papeles necesarios en la c\u00e1rcel, a su ser querido se dar\u00e1 a conocer entre 15 y 30 minutos m\u00e1s tarde.<\/p>\n<h3>EL cantidad espec\u00edfica de tiempo todo este proceso<\/h3>\n<p>tiene no se puede determinar, ya que difiere de un caso a otro. Sin embargo, la amplia experiencia de AA y la experiencia ayuda a que el proceso de moverse a lo largo m\u00e1s r\u00e1pido que otros en el negocio.<\/p>","protected":false},"excerpt":{"rendered":"<p>Obtener una garant\u00eda es un proceso espec\u00edfico. Con AA Professional Bail Bonding el proceso es r\u00e1pido y confidencial. Al llegar a AA, para rescatar a su ser querido fuera de la c\u00e1rcel ir\u00e1 a trav\u00e9s de los siguientes pasos: Llenar papeles AA le proporcionar\u00e1 toda la documentaci\u00f3n necesaria y le guiar\u00e1 a trav\u00e9s de cada [&#8230;]<\/p>\n<p><a class=\"btn btn-secondary\" href=\"https:\/\/gabailbonding.com\/es\/process\/timeline-obtaining-bail-bond\/\">Leer m\u00e1s&#8230;<i data-feather=\"arrow-right\"><\/i><\/a><\/p>\n","protected":false},"author":1,"featured_media":0,"parent":42,"menu_order":2,"comment_status":"closed","ping_status":"closed","template":"page-templates\/right-sidebarpage.php","meta":{"footnotes":""},"class_list":["post-188","page","type-page","status-publish","hentry"],"_links":{"self":[{"href":"https:\/\/gabailbonding.com\/es\/wp-json\/wp\/v2\/pages\/188","targetHints":{"allow":["GET"]}}],"collection":[{"href":"https:\/\/gabailbonding.com\/es\/wp-json\/wp\/v2\/pages"}],"about":[{"href":"https:\/\/gabailbonding.com\/es\/wp-json\/wp\/v2\/types\/page"}],"author":[{"embeddable":true,"href":"https:\/\/gabailbonding.com\/es\/wp-json\/wp\/v2\/users\/1"}],"replies":[{"embeddable":true,"href":"https:\/\/gabailbonding.com\/es\/wp-json\/wp\/v2\/comments?post=188"}],"version-history":[{"count":0,"href":"https:\/\/gabailbonding.com\/es\/wp-json\/wp\/v2\/pages\/188\/revisions"}],"up":[{"embeddable":true,"href":"https:\/\/gabailbonding.com\/es\/wp-json\/wp\/v2\/pages\/42"}],"wp:attachment":[{"href":"https:\/\/gabailbonding.com\/es\/wp-json\/wp\/v2\/media?parent=188"}],"curies":[{"name":"wp","href":"https:\/\/api.w.org\/{rel}","templated":true}]}}