{"id":19,"date":"2017-11-16T20:36:13","date_gmt":"2017-11-16T20:36:13","guid":{"rendered":"http:\/\/localhost:8080\/?page_id=19"},"modified":"2025-01-20T17:49:43","modified_gmt":"2025-01-20T17:49:43","slug":"home","status":"publish","type":"page","link":"https:\/\/gabailbonding.com\/es\/","title":{"rendered":"Casa"},"content":{"rendered":"<p>AA PROFESSIONAL BAIL BONDING es un cort\u00e9s, la libertad bajo fianza confidenciales Georgia compa\u00f1\u00eda de fianzas disponibles para ayudarle con sus problemas de uni\u00f3n 24 horas del d\u00eda.<\/p>\n<p>Mantenimiento de todas las c\u00e1rceles en los siguientes condados de Georgia:<br \/>\n<div class='content-column one_half'><ul>\n<li><a href=\"\/gwinnett-county\">Gwinnett County<\/a><\/li>\n<li><a href=\"\/dekalb-county\">Dekalb County<\/a><\/li>\n<li><a href=\"\/clayton-county\">Clayton County<\/a><\/li>\n<li><a href=\"\/bartow-county\">Bartow County<\/a><\/li>\n<li><a href=\"\/fayette-county\">Fayette County<\/a><\/li>\n<li><a href=\"\/cobb-county\">Cobb County<\/a><\/li>\n<\/ul><\/div><div class='content-column one_half last_column'><ul>\n<li><a href=\"\/fulton-county\">Fulton County<\/a><\/li>\n<li><a href=\"\/alpharetta\">Alpharetta<\/a><\/li>\n<li><a href=\"\/henry-county\">Henry County<\/a><\/li>\n<li><a href=\"\/forsyth-county\">Forsyth County<\/a><\/li>\n<li><a href=\"\/barrow-county\">Barrow County<\/a><\/li>\n<\/ul><\/div><div class='clear_column'><\/div><\/p>\n<p>Nuestros fiadores pueden obtener de su ser querido en casa de una manera r\u00e1pida y econ\u00f3mica.<\/p>\n<p><img loading=\"lazy\" decoding=\"async\" class=\"alignleft size-full wp-image-162\" src=\"https:\/\/gabailbonding.com\/wp-content\/uploads\/2017\/11\/ist2_5118770-smiling-businesspeople.jpg\" alt=\"\" width=\"423\" height=\"284\" \/><\/p>","protected":false},"excerpt":{"rendered":"<p>AA PROFESSIONAL BAIL BONDING es un cort\u00e9s, la libertad bajo fianza confidenciales Georgia compa\u00f1\u00eda de fianzas disponibles para ayudarle con sus problemas de uni\u00f3n 24 horas del d\u00eda. Mantenimiento de todas las c\u00e1rceles en los siguientes condados de Georgia: Nuestros fiadores pueden obtener de su ser querido en casa de una manera r\u00e1pida y econ\u00f3mica. [&#8230;]<\/p>\n<p><a class=\"btn btn-secondary\" href=\"https:\/\/gabailbonding.com\/es\/\">Leer m\u00e1s&#8230;<i data-feather=\"arrow-right\"><\/i><\/a><\/p>\n","protected":false},"author":1,"featured_media":0,"parent":0,"menu_order":0,"comment_status":"closed","ping_status":"closed","template":"","meta":{"footnotes":""},"class_list":["post-19","page","type-page","status-publish","hentry"],"_links":{"self":[{"href":"https:\/\/gabailbonding.com\/es\/wp-json\/wp\/v2\/pages\/19","targetHints":{"allow":["GET"]}}],"collection":[{"href":"https:\/\/gabailbonding.com\/es\/wp-json\/wp\/v2\/pages"}],"about":[{"href":"https:\/\/gabailbonding.com\/es\/wp-json\/wp\/v2\/types\/page"}],"author":[{"embeddable":true,"href":"https:\/\/gabailbonding.com\/es\/wp-json\/wp\/v2\/users\/1"}],"replies":[{"embeddable":true,"href":"https:\/\/gabailbonding.com\/es\/wp-json\/wp\/v2\/comments?post=19"}],"version-history":[{"count":0,"href":"https:\/\/gabailbonding.com\/es\/wp-json\/wp\/v2\/pages\/19\/revisions"}],"wp:attachment":[{"href":"https:\/\/gabailbonding.com\/es\/wp-json\/wp\/v2\/media?parent=19"}],"curies":[{"name":"wp","href":"https:\/\/api.w.org\/{rel}","templated":true}]}}