{"id":212,"date":"2017-12-07T14:35:10","date_gmt":"2017-12-07T14:35:10","guid":{"rendered":"http:\/\/165.227.112.51\/?page_id=212"},"modified":"2024-04-15T17:53:01","modified_gmt":"2024-04-15T17:53:01","slug":"what-to-expect","status":"publish","type":"page","link":"https:\/\/gabailbonding.com\/es\/ankle-monitoring\/what-to-expect\/","title":{"rendered":"Que Esperar"},"content":{"rendered":"<p>El dispositivo no causar\u00e1 ninguna interferencia con otros componentes electr\u00f3nicos.<\/p>\n<p>Puede usar el dispositivo para moverse libremente por el \u00e1rea designada por la corte. No causar\u00e1 interferencias ni complicaciones con otros dispositivos electr\u00f3nicos, como tel\u00e9fonos celulares, Internet o electrodom\u00e9sticos.<\/p>\n<p>Te hablar\u00e1.<\/p>\n<p>Puede recibir notificaciones, advertencias o incluso mensajes de un agente de AA Bail Bonding profesional a trav\u00e9s del dispositivo. Sin embargo, no es una radio bidireccional, por lo que no puede volver a comunicarse con el dispositivo. Si tiene alguna pregunta o inquietud, deber\u00e1 llamar a AA Professional Bail Bonding.<\/p>\n<p>Puede ponerte a prueba.<\/p>\n<p>Algunos dispositivos que se usan en el tobillo eval\u00faan el nivel de alcohol de la persona y alertan a AA Professional Bail Bonding sobre cualquier consumo no permitido por el tribunal. Se colocan otros dispositivos en un autom\u00f3vil para evaluar los niveles de alcohol en la sangre antes de conducir.<\/p>\n<p>Las unidades utilizadas por AA Professional Bail Bonding se han seleccionado cuidadosamente para brindarle la mejor experiencia, la m\u00e1s econ\u00f3mica y la m\u00e1s econ\u00f3mica.<\/p>","protected":false},"excerpt":{"rendered":"<p>El dispositivo no causar\u00e1 ninguna interferencia con otros componentes electr\u00f3nicos. Puede usar el dispositivo para moverse libremente por el \u00e1rea designada por la corte. No causar\u00e1 interferencias ni complicaciones con otros dispositivos electr\u00f3nicos, como tel\u00e9fonos celulares, Internet o electrodom\u00e9sticos. Te hablar\u00e1. Puede recibir notificaciones, advertencias o incluso mensajes de un agente de AA Bail Bonding [&#8230;]<\/p>\n<p><a class=\"btn btn-secondary\" href=\"https:\/\/gabailbonding.com\/es\/ankle-monitoring\/what-to-expect\/\">Leer m\u00e1s&#8230;<i data-feather=\"arrow-right\"><\/i><\/a><\/p>\n","protected":false},"author":1,"featured_media":0,"parent":62,"menu_order":2,"comment_status":"closed","ping_status":"closed","template":"page-templates\/right-sidebarpage.php","meta":{"footnotes":""},"class_list":["post-212","page","type-page","status-publish","hentry"],"_links":{"self":[{"href":"https:\/\/gabailbonding.com\/es\/wp-json\/wp\/v2\/pages\/212","targetHints":{"allow":["GET"]}}],"collection":[{"href":"https:\/\/gabailbonding.com\/es\/wp-json\/wp\/v2\/pages"}],"about":[{"href":"https:\/\/gabailbonding.com\/es\/wp-json\/wp\/v2\/types\/page"}],"author":[{"embeddable":true,"href":"https:\/\/gabailbonding.com\/es\/wp-json\/wp\/v2\/users\/1"}],"replies":[{"embeddable":true,"href":"https:\/\/gabailbonding.com\/es\/wp-json\/wp\/v2\/comments?post=212"}],"version-history":[{"count":0,"href":"https:\/\/gabailbonding.com\/es\/wp-json\/wp\/v2\/pages\/212\/revisions"}],"up":[{"embeddable":true,"href":"https:\/\/gabailbonding.com\/es\/wp-json\/wp\/v2\/pages\/62"}],"wp:attachment":[{"href":"https:\/\/gabailbonding.com\/es\/wp-json\/wp\/v2\/media?parent=212"}],"curies":[{"name":"wp","href":"https:\/\/api.w.org\/{rel}","templated":true}]}}