{"id":218,"date":"2017-12-07T17:42:19","date_gmt":"2017-12-07T17:42:19","guid":{"rendered":"http:\/\/165.227.112.51\/?page_id=218"},"modified":"2024-04-15T17:53:16","modified_gmt":"2024-04-15T17:53:16","slug":"using-ankle-alcohol-monitors","status":"publish","type":"page","link":"https:\/\/gabailbonding.com\/es\/ankle-monitoring\/using-ankle-alcohol-monitors\/","title":{"rendered":"Uso de Monitores de Tobillo y Alcohol"},"content":{"rendered":"<p>El servicio de control de tobillo proporcionado por AA Professional Bail Bonding es para ayudar a los tribunales a rastrear a las personas en libertad bajo fianza o liberadas por los tribunales por diversas razones. Cada persona que se monitorea tendr\u00e1 diferentes grados de acceso a su \u00e1rea.<\/p>\n<h2>Usando un monitor de tobillo<\/h2>\n<p>La mayor\u00eda debe permanecer en sus casas, o solo puede ir a lugares aprobados como el trabajo o la escuela.<\/p>\n<p>Su monitor de tobillo AA Bail Bonding profesional har\u00e1 un seguimiento de sus movimientos a trav\u00e9s de un GPS y alertar\u00e1 tanto a la persona que est\u00e1 siendo monitoreada como a AA Professional Bail Bonding de cualquier violaci\u00f3n.<\/p>\n<p>No hay ning\u00fan dispositivo dentro de la casa que ocupe espacio. Todo el monitoreo se realiza a trav\u00e9s de sat\u00e9lites GPS para que la experiencia sea sencilla.<\/p>\n<h2>Monitoreo de los niveles de alcohol<\/h2>\n<p>Los monitores de tobillo tambi\u00e9n pueden rastrear el nivel de alcohol en la sangre de la persona mientras se usa el monitor.<\/p>\n<p>Si el BAC de la persona alcanza un nivel m\u00e1s alto que el permitido por la corte, se notificar\u00e1 a AA Professional Bail Bonding.<\/p>\n<p>Tambi\u00e9n se puede colocar una unidad en el autom\u00f3vil de la persona, lo que requiere que la persona llame y repita una oraci\u00f3n compleja para demostrar sobriedad y coherencia.<\/p>\n<p>A diferencia de otros proveedores, AA Professional Bail Bonding est\u00e1 disponible todos los d\u00edas de la semana, las 24 horas del d\u00eda para responder cualquier pregunta que pueda tener la persona que est\u00e1 siendo monitoreada. Nunca te dejar\u00e1s preocupado si has cometido una infracci\u00f3n.<\/p>","protected":false},"excerpt":{"rendered":"<p>El servicio de control de tobillo proporcionado por AA Professional Bail Bonding es para ayudar a los tribunales a rastrear a las personas en libertad bajo fianza o liberadas por los tribunales por diversas razones. Cada persona que se monitorea tendr\u00e1 diferentes grados de acceso a su \u00e1rea. Usando un monitor de tobillo La mayor\u00eda [&#8230;]<\/p>\n<p><a class=\"btn btn-secondary\" href=\"https:\/\/gabailbonding.com\/es\/ankle-monitoring\/using-ankle-alcohol-monitors\/\">Leer m\u00e1s&#8230;<i data-feather=\"arrow-right\"><\/i><\/a><\/p>\n","protected":false},"author":1,"featured_media":0,"parent":62,"menu_order":3,"comment_status":"closed","ping_status":"closed","template":"page-templates\/right-sidebarpage.php","meta":{"footnotes":""},"class_list":["post-218","page","type-page","status-publish","hentry"],"_links":{"self":[{"href":"https:\/\/gabailbonding.com\/es\/wp-json\/wp\/v2\/pages\/218","targetHints":{"allow":["GET"]}}],"collection":[{"href":"https:\/\/gabailbonding.com\/es\/wp-json\/wp\/v2\/pages"}],"about":[{"href":"https:\/\/gabailbonding.com\/es\/wp-json\/wp\/v2\/types\/page"}],"author":[{"embeddable":true,"href":"https:\/\/gabailbonding.com\/es\/wp-json\/wp\/v2\/users\/1"}],"replies":[{"embeddable":true,"href":"https:\/\/gabailbonding.com\/es\/wp-json\/wp\/v2\/comments?post=218"}],"version-history":[{"count":0,"href":"https:\/\/gabailbonding.com\/es\/wp-json\/wp\/v2\/pages\/218\/revisions"}],"up":[{"embeddable":true,"href":"https:\/\/gabailbonding.com\/es\/wp-json\/wp\/v2\/pages\/62"}],"wp:attachment":[{"href":"https:\/\/gabailbonding.com\/es\/wp-json\/wp\/v2\/media?parent=218"}],"curies":[{"name":"wp","href":"https:\/\/api.w.org\/{rel}","templated":true}]}}