{"id":221,"date":"2017-12-07T17:53:44","date_gmt":"2017-12-07T17:53:44","guid":{"rendered":"http:\/\/165.227.112.51\/?page_id=221"},"modified":"2024-04-15T17:53:29","modified_gmt":"2024-04-15T17:53:29","slug":"violations","status":"publish","type":"page","link":"https:\/\/gabailbonding.com\/es\/ankle-monitoring\/violations\/","title":{"rendered":"Violaciones"},"content":{"rendered":"<p>Los sistemas de control de tobillo de AA Professional Bail Bonding se supervisan cuidadosamente para garantizar que ninguna persona viole los t\u00e9rminos de su lanzamiento. Si est\u00e1 por hacer, o ha cometido una infracci\u00f3n, puede escuchar:<\/p>\n<ul>\n<li>Sonar un pitido para advertirle que est\u00e1 a punto de abandonar su \u00e1rea permitida<\/li>\n<li>Advertencia<\/li>\n<li>Un oficial de fianzas profesional de AA lo advierte o le da instrucciones.<\/li>\n<\/ul>\n<p>Si bien las violaciones, como los niveles permitidos de alcohol y las \u00e1reas se explican expl\u00edcitamente a cada persona que usa una unidad, tambi\u00e9n hay otras violaciones. \u00c9stas incluyen:<\/p>\n<ul>\n<li>Cortando la correa<\/li>\n<li>Manipular la correa<\/li>\n<li>Manipular el dispositivo<\/li>\n<li>Golpeando o golpeando el dispositivo<\/li>\n<li>Sumergir el dispositivo (el dispositivo es resistente al agua, pero sonar\u00e1 una alarma si se mantiene bajo el agua por demasiado tiempo)<\/li>\n<\/ul>\n<p>Si viola los t\u00e9rminos de su acuerdo de monitoreo establecidos por los tribunales, un fiador se pondr\u00e1 en contacto con usted inmediatamente para darle instrucciones. Las infracciones no accidentales o las infracciones directas de los acuerdos pueden dar lugar a un arresto.<\/p>","protected":false},"excerpt":{"rendered":"<p>Los sistemas de control de tobillo de AA Professional Bail Bonding se supervisan cuidadosamente para garantizar que ninguna persona viole los t\u00e9rminos de su lanzamiento. Si est\u00e1 por hacer, o ha cometido una infracci\u00f3n, puede escuchar: Sonar un pitido para advertirle que est\u00e1 a punto de abandonar su \u00e1rea permitida Advertencia Un oficial de fianzas [&#8230;]<\/p>\n<p><a class=\"btn btn-secondary\" href=\"https:\/\/gabailbonding.com\/es\/ankle-monitoring\/violations\/\">Leer m\u00e1s&#8230;<i data-feather=\"arrow-right\"><\/i><\/a><\/p>\n","protected":false},"author":1,"featured_media":0,"parent":62,"menu_order":4,"comment_status":"closed","ping_status":"closed","template":"page-templates\/right-sidebarpage.php","meta":{"footnotes":""},"class_list":["post-221","page","type-page","status-publish","hentry"],"_links":{"self":[{"href":"https:\/\/gabailbonding.com\/es\/wp-json\/wp\/v2\/pages\/221","targetHints":{"allow":["GET"]}}],"collection":[{"href":"https:\/\/gabailbonding.com\/es\/wp-json\/wp\/v2\/pages"}],"about":[{"href":"https:\/\/gabailbonding.com\/es\/wp-json\/wp\/v2\/types\/page"}],"author":[{"embeddable":true,"href":"https:\/\/gabailbonding.com\/es\/wp-json\/wp\/v2\/users\/1"}],"replies":[{"embeddable":true,"href":"https:\/\/gabailbonding.com\/es\/wp-json\/wp\/v2\/comments?post=221"}],"version-history":[{"count":0,"href":"https:\/\/gabailbonding.com\/es\/wp-json\/wp\/v2\/pages\/221\/revisions"}],"up":[{"embeddable":true,"href":"https:\/\/gabailbonding.com\/es\/wp-json\/wp\/v2\/pages\/62"}],"wp:attachment":[{"href":"https:\/\/gabailbonding.com\/es\/wp-json\/wp\/v2\/media?parent=221"}],"curies":[{"name":"wp","href":"https:\/\/api.w.org\/{rel}","templated":true}]}}