{"id":22100,"date":"2023-05-17T13:57:44","date_gmt":"2023-05-17T13:57:44","guid":{"rendered":"https:\/\/gabailbonding.com\/?page_id=22100"},"modified":"2024-01-05T16:33:02","modified_gmt":"2024-01-05T16:33:02","slug":"rockdale-county","status":"publish","type":"page","link":"https:\/\/gabailbonding.com\/es\/rockdale-county\/","title":{"rendered":"Condado de Forsyth #2"},"content":{"rendered":"<p>Obtenga un bono de fianza r\u00e1pido y asequible en el condado de Forsyth hoy.<\/p>\n<p>Hacer que la fianza sea r\u00e1pida, f\u00e1cil, eficiente y econ\u00f3mica es el objetivo de AA Bail Bonding profesional. Sabemos la importancia y el estr\u00e9s que conlleva el proceso, y es por eso que hemos perfeccionado el negocio con nuestro personal cort\u00e9s e informado. No esperes; traiga a su ser querido a casa.<\/p>\n<hr \/>\n<div class='content-column one_half'><p>\n<strong>Forsyth County Jail \u2014 Cumming<\/strong><br \/>\n202 Veterans Memorial Boulevard<br \/>\nCumming, GA 30040-2646<br \/>\n<a href=\"tel:770-781-2226\">(770) 781-2226<\/a><\/p>\n<p>\n<strong>Forsyth County Magistrate Court \u2014 Cumming<\/strong><br \/>\n1090 Tribble Gap Road<br \/>\nCumming, GA<br \/>\n<a href=\"tel:770-781-2211\">(770) 781-2211<\/a><\/p><\/div><div class='content-column one_half last_column'><p>\n<strong>Forsyth County Superior Court \u2014 Cumming<\/strong><br \/>\n100 West Courthouse Square<br \/>\nCumming, GA<br \/>\n<a href=\"tel:770-781-2125\">(770) 781-2125<\/a><\/p>\n<p>\n<strong>Forsyth County Probate Court \u2014 Cumming<\/strong><br \/>\n112 West Maple Street #101<br \/>\nCumming, GA<br \/>\n<a href=\"tel:770-781-2140\">(770) 781-2140<\/a><\/p><\/div><div class='clear_column'><\/div><\/p>\n<hr>\n<p>Ll\u00e1menos ahora al <a href=\"tel:678-831-0470\">(678) 831-0470<\/a> o <a href=\"tel:888-588-1705\">(888) 588-1705<\/a> o visite nuestra oficina de Lawrenceville para averiguar c\u00f3mo puede llevar a su ser querido a casa r\u00e1pidamente.<\/p>","protected":false},"excerpt":{"rendered":"<p>Obtenga un bono de fianza r\u00e1pido y asequible en el condado de Forsyth hoy. Hacer que la fianza sea r\u00e1pida, f\u00e1cil, eficiente y econ\u00f3mica es el objetivo de AA Bail Bonding profesional. Sabemos la importancia y el estr\u00e9s que conlleva el proceso, y es por eso que hemos perfeccionado el negocio con nuestro personal cort\u00e9s [&#8230;]<\/p>\n<p><a class=\"btn btn-secondary\" href=\"https:\/\/gabailbonding.com\/es\/rockdale-county\/\">Leer m\u00e1s&#8230;<i data-feather=\"arrow-right\"><\/i><\/a><\/p>\n","protected":false},"author":1,"featured_media":0,"parent":0,"menu_order":0,"comment_status":"closed","ping_status":"closed","template":"","meta":{"footnotes":""},"class_list":["post-22100","page","type-page","status-publish","hentry"],"_links":{"self":[{"href":"https:\/\/gabailbonding.com\/es\/wp-json\/wp\/v2\/pages\/22100","targetHints":{"allow":["GET"]}}],"collection":[{"href":"https:\/\/gabailbonding.com\/es\/wp-json\/wp\/v2\/pages"}],"about":[{"href":"https:\/\/gabailbonding.com\/es\/wp-json\/wp\/v2\/types\/page"}],"author":[{"embeddable":true,"href":"https:\/\/gabailbonding.com\/es\/wp-json\/wp\/v2\/users\/1"}],"replies":[{"embeddable":true,"href":"https:\/\/gabailbonding.com\/es\/wp-json\/wp\/v2\/comments?post=22100"}],"version-history":[{"count":0,"href":"https:\/\/gabailbonding.com\/es\/wp-json\/wp\/v2\/pages\/22100\/revisions"}],"wp:attachment":[{"href":"https:\/\/gabailbonding.com\/es\/wp-json\/wp\/v2\/media?parent=22100"}],"curies":[{"name":"wp","href":"https:\/\/api.w.org\/{rel}","templated":true}]}}