{"id":226,"date":"2017-12-07T18:18:03","date_gmt":"2017-12-07T18:18:03","guid":{"rendered":"http:\/\/165.227.112.51\/?page_id=226"},"modified":"2024-04-15T17:55:47","modified_gmt":"2024-04-15T17:55:47","slug":"clayton-county","status":"publish","type":"page","link":"https:\/\/gabailbonding.com\/es\/clayton-county\/","title":{"rendered":"Condado de Clayton"},"content":{"rendered":"<p>\u00bfNecesita un fianza de Clayton County? Con m\u00e1s de 20 a\u00f1os de experiencia, AA Professional Bail Bonding puede garantizar a todos sus clientes las tarifas m\u00e1s razonables, un personal experto para responder todas las preguntas, disponibilidad 24\/7 y los m\u00e1s altos niveles de confidencialidad. Nuestro personal se asegura de que comprenda cada paso del proceso para poder llevar a su ser querido a casa.<\/p>\n<hr>\n<p><strong>Clayton County Jail \u2014 Jonesboro<\/strong><br \/>\n9157 Tara Boulevard<br \/>\nJonesboro, GA 30236-4973<br \/>\n<a href=\"tel:770-477-4413\">(770) 477-4413<\/a><\/p>\n<p><strong>Clayton County Superior &amp; Magistrate Court \u2014 Jonesboro<\/strong><br \/>\n9151 Tara Boulevard<br \/>\nJonesboro, GA<br \/>\n<a href=\"tel:770-477-1565\">(770) 477-1565<\/a><\/p>\n<p><strong>Clayton County Probate Court \u2014 Jonesboro<\/strong><br \/>\n121 S Mcdonough Street<br \/>\nJonesboro, GA<br \/>\n<a href=\"tel:770-477-3299\">(770) 477-3299<\/a><\/p>\n<hr>\n<p id=\"tw-target-text\" class=\"tw-data-text tw-ta tw-text-small\" dir=\"ltr\" data-placeholder=\"Translation\"><span lang=\"es\">Ven a vernos a Lawrenceville o ll\u00e1manos ahora al <a href=\"tel:678-831-0470\">(678) 831-0470<\/a> o <a href=\"tel:888-588-1705\">(888) 588-1705<\/a><\/span><\/p>\n<p><\/p>","protected":false},"excerpt":{"rendered":"<p>\u00bfNecesita un fianza de Clayton County? Con m\u00e1s de 20 a\u00f1os de experiencia, AA Professional Bail Bonding puede garantizar a todos sus clientes las tarifas m\u00e1s razonables, un personal experto para responder todas las preguntas, disponibilidad 24\/7 y los m\u00e1s altos niveles de confidencialidad. Nuestro personal se asegura de que comprenda cada paso del proceso [&#8230;]<\/p>\n<p><a class=\"btn btn-secondary\" href=\"https:\/\/gabailbonding.com\/es\/clayton-county\/\">Leer m\u00e1s&#8230;<i data-feather=\"arrow-right\"><\/i><\/a><\/p>\n","protected":false},"author":1,"featured_media":0,"parent":0,"menu_order":0,"comment_status":"closed","ping_status":"closed","template":"page-templates\/right-sidebarpage.php","meta":{"footnotes":""},"class_list":["post-226","page","type-page","status-publish","hentry"],"_links":{"self":[{"href":"https:\/\/gabailbonding.com\/es\/wp-json\/wp\/v2\/pages\/226","targetHints":{"allow":["GET"]}}],"collection":[{"href":"https:\/\/gabailbonding.com\/es\/wp-json\/wp\/v2\/pages"}],"about":[{"href":"https:\/\/gabailbonding.com\/es\/wp-json\/wp\/v2\/types\/page"}],"author":[{"embeddable":true,"href":"https:\/\/gabailbonding.com\/es\/wp-json\/wp\/v2\/users\/1"}],"replies":[{"embeddable":true,"href":"https:\/\/gabailbonding.com\/es\/wp-json\/wp\/v2\/comments?post=226"}],"version-history":[{"count":0,"href":"https:\/\/gabailbonding.com\/es\/wp-json\/wp\/v2\/pages\/226\/revisions"}],"wp:attachment":[{"href":"https:\/\/gabailbonding.com\/es\/wp-json\/wp\/v2\/media?parent=226"}],"curies":[{"name":"wp","href":"https:\/\/api.w.org\/{rel}","templated":true}]}}