{"id":228,"date":"2017-12-07T18:20:38","date_gmt":"2017-12-07T18:20:38","guid":{"rendered":"http:\/\/165.227.112.51\/?page_id=228"},"modified":"2024-04-15T17:55:32","modified_gmt":"2024-04-15T17:55:32","slug":"cobb-county","status":"publish","type":"page","link":"https:\/\/gabailbonding.com\/es\/cobb-county\/","title":{"rendered":"Condado de Cobb"},"content":{"rendered":"<p>A diferencia de otras compa\u00f1\u00edas, AA Professional Bail Bonding nunca te hace esperar. Nuestro proceso de libertad bajo fianza se ha perfeccionado para brindarle el servicio m\u00e1s r\u00e1pido y f\u00e1cil a las mejores tarifas. AA Professional Bail Bonding se compromete a servirle con profesionalismo y rapidez para que pueda llevar a su ser querido a casa.<\/p>\n<hr>\n<div class='content-column one_half'><p>\n<strong>Cobb County Jail \u2014 Acworth<\/strong><br \/>\n4400 Acworth Industrial Dr NW<br \/>\nAcworth, GA 30101-5655<br \/>\n<a href=\"tel:770-974-0295\">(770) 974-0295<\/a><\/p>\n<p>\n<strong>Cobb County Jail \u2014 Kennesaw<\/strong><br \/>\n2529 J O Stephenson Ave NW<br \/>\nKennesaw, GA 30144-2780<br \/>\n<a href=\"tel:770-427-5151\">(770) 427-5151<\/a><\/p>\n<p>\n<strong>Cobb County Jail \u2014 Marietta<\/strong><br \/>\n1825 County Services Pkwy<br \/>\nMarietta, GA 30008<\/p><\/div><div class='content-column one_half last_column'><p>\n<strong>Cobb County Superior &amp; Magistrate Court \u2014 Marietta<\/strong><br \/>\n32 Waddell Street<br \/>\nMarietta, GA<br \/>\n<a href=\"tel:770-528-1300\">(770) 528-1300<\/a><\/p>\n<p>\n<strong>Cobb County Probate Court \u2014 Marietta<\/strong><br \/>\n100 Cherokee Street<br \/>\nMarietta, GA<br \/>\n<a href=\"tel:770-528-1000\">(770) 528-1000<\/a><\/p><\/div><div class='clear_column'><\/div><\/p>\n<div class=\"_Ejb\">\n<div id=\"tw-target\">\n<div id=\"tw-target-text-container\" class=\"tw-ta-container tw-nfl\">\n<p id=\"tw-target-text\" class=\"tw-data-text tw-ta tw-text-small\" dir=\"ltr\" data-placeholder=\"Translation\"><span lang=\"es\">Comience el proceso llam\u00e1ndonos al <a href=\"tel:678-831-0470\">(678) 831-0470<\/a> o <a href=\"tel:888-588-1705\">(888) 588-1705<\/a> o visite nuestra oficina en Lawrenceville. Abierto las 24 horas, los siete d\u00edas de la semana.<\/span><\/p>\n<\/div>\n<\/div>\n<\/div>\n<p><\/p>","protected":false},"excerpt":{"rendered":"<p>A diferencia de otras compa\u00f1\u00edas, AA Professional Bail Bonding nunca te hace esperar. Nuestro proceso de libertad bajo fianza se ha perfeccionado para brindarle el servicio m\u00e1s r\u00e1pido y f\u00e1cil a las mejores tarifas. AA Professional Bail Bonding se compromete a servirle con profesionalismo y rapidez para que pueda llevar a su ser querido a [&#8230;]<\/p>\n<p><a class=\"btn btn-secondary\" href=\"https:\/\/gabailbonding.com\/es\/cobb-county\/\">Leer m\u00e1s&#8230;<i data-feather=\"arrow-right\"><\/i><\/a><\/p>\n","protected":false},"author":1,"featured_media":0,"parent":0,"menu_order":0,"comment_status":"closed","ping_status":"closed","template":"page-templates\/right-sidebarpage.php","meta":{"footnotes":""},"class_list":["post-228","page","type-page","status-publish","hentry"],"_links":{"self":[{"href":"https:\/\/gabailbonding.com\/es\/wp-json\/wp\/v2\/pages\/228","targetHints":{"allow":["GET"]}}],"collection":[{"href":"https:\/\/gabailbonding.com\/es\/wp-json\/wp\/v2\/pages"}],"about":[{"href":"https:\/\/gabailbonding.com\/es\/wp-json\/wp\/v2\/types\/page"}],"author":[{"embeddable":true,"href":"https:\/\/gabailbonding.com\/es\/wp-json\/wp\/v2\/users\/1"}],"replies":[{"embeddable":true,"href":"https:\/\/gabailbonding.com\/es\/wp-json\/wp\/v2\/comments?post=228"}],"version-history":[{"count":0,"href":"https:\/\/gabailbonding.com\/es\/wp-json\/wp\/v2\/pages\/228\/revisions"}],"wp:attachment":[{"href":"https:\/\/gabailbonding.com\/es\/wp-json\/wp\/v2\/media?parent=228"}],"curies":[{"name":"wp","href":"https:\/\/api.w.org\/{rel}","templated":true}]}}