{"id":231,"date":"2017-12-07T18:24:04","date_gmt":"2017-12-07T18:24:04","guid":{"rendered":"http:\/\/165.227.112.51\/?page_id=231"},"modified":"2024-04-15T17:56:00","modified_gmt":"2024-04-15T17:56:00","slug":"dekalb-county","status":"publish","type":"page","link":"https:\/\/gabailbonding.com\/es\/dekalb-county\/","title":{"rendered":"Condado de DeKalb"},"content":{"rendered":"<p>Obtengan f\u00e1cilmente un fianza de fianza del condado de DeKalb en AA Professional Bail Bonding.<\/p>\n<p>Lo \u00fanico m\u00e1s estresante que recibir una llamada dici\u00e9ndole que su ser querido est\u00e1 en la c\u00e1rcel, est\u00e1 pasando por el proceso de comprar un bono y no poder recoger a su ser querido. Otros servicios a menudo pasan por alto peque\u00f1os detalles que le causan estr\u00e9s y tiempo extra antes de recoger a su ser querido. La garant\u00eda de fianza profesional de AA se asegura de que se llene cada formulario y cada documento se firme para que pueda recoger inmediatamente a su ser querido.<\/p>\n<hr>\n<div class='content-column one_half'><p>\n<strong>Cobb County Jail \u2014 Acworth<\/strong><br \/>\n4400 Acworth Industrial Dr NW<br \/>\nAcworth, GA 30101-5655<br \/>\n<a href=\"tel:770-974-0295\">(770) 974-0295<\/a><\/p>\n<p>\n<strong>DeKalb County Jail \u2014 Decatur<\/strong><br \/>\n4425 Memorial Drive<br \/>\nDecatur, GA 30032-1337<br \/>\n<a href=\"tel:404-298-8500\">(404) 298-8500<\/a><\/p><\/div><div class='content-column one_half last_column'><p>\n<strong>DeKalb County Municipal Court \u2014 Stone Mountain<\/strong><br \/>\n922 Main Street<br \/>\nStone Mountain, GA<br \/>\n<a href=\"tel:770-879-4981\">(770) 879-4981<\/a><\/p>\n<p>\n<strong> DeKalb County Superior Court \u2014 Decatur<\/strong><br \/>\n556 North McDonough Street<br \/>\nSuite 1200 Decatur, GA<br \/>\n<a href=\"tel:404-371-2836\">(404) 371-2836<\/a><\/p><\/div><div class='clear_column'><\/div><\/p>\n<p>Visite nuestra oficina de Lawrenceville o ll\u00e1menos al <a href=\"tel:678-831-0470\">(678) 831-0470<\/a> or <a href=\"tel:888-588-1705\">(888) 588-1705<\/a> para comprar un bono y llevar a su ser querido a casa.<\/p>","protected":false},"excerpt":{"rendered":"<p>Obtengan f\u00e1cilmente un fianza de fianza del condado de DeKalb en AA Professional Bail Bonding. Lo \u00fanico m\u00e1s estresante que recibir una llamada dici\u00e9ndole que su ser querido est\u00e1 en la c\u00e1rcel, est\u00e1 pasando por el proceso de comprar un bono y no poder recoger a su ser querido. Otros servicios a menudo pasan por [&#8230;]<\/p>\n<p><a class=\"btn btn-secondary\" href=\"https:\/\/gabailbonding.com\/es\/dekalb-county\/\">Leer m\u00e1s&#8230;<i data-feather=\"arrow-right\"><\/i><\/a><\/p>\n","protected":false},"author":1,"featured_media":0,"parent":0,"menu_order":0,"comment_status":"closed","ping_status":"closed","template":"page-templates\/right-sidebarpage.php","meta":{"footnotes":""},"class_list":["post-231","page","type-page","status-publish","hentry"],"_links":{"self":[{"href":"https:\/\/gabailbonding.com\/es\/wp-json\/wp\/v2\/pages\/231","targetHints":{"allow":["GET"]}}],"collection":[{"href":"https:\/\/gabailbonding.com\/es\/wp-json\/wp\/v2\/pages"}],"about":[{"href":"https:\/\/gabailbonding.com\/es\/wp-json\/wp\/v2\/types\/page"}],"author":[{"embeddable":true,"href":"https:\/\/gabailbonding.com\/es\/wp-json\/wp\/v2\/users\/1"}],"replies":[{"embeddable":true,"href":"https:\/\/gabailbonding.com\/es\/wp-json\/wp\/v2\/comments?post=231"}],"version-history":[{"count":0,"href":"https:\/\/gabailbonding.com\/es\/wp-json\/wp\/v2\/pages\/231\/revisions"}],"wp:attachment":[{"href":"https:\/\/gabailbonding.com\/es\/wp-json\/wp\/v2\/media?parent=231"}],"curies":[{"name":"wp","href":"https:\/\/api.w.org\/{rel}","templated":true}]}}