{"id":235,"date":"2017-12-07T18:31:39","date_gmt":"2017-12-07T18:31:39","guid":{"rendered":"http:\/\/165.227.112.51\/?page_id=235"},"modified":"2024-04-15T17:54:23","modified_gmt":"2024-04-15T17:54:23","slug":"fulton-county","status":"publish","type":"page","link":"https:\/\/gabailbonding.com\/es\/fulton-county\/","title":{"rendered":"Condado de Fulton"},"content":{"rendered":"<p>Rescatar a un amigo o ser querido de la c\u00e1rcel R\u00c1PIDAMENTE con AA Professional Bail Bonding en el condado de Fulton.<\/p>\n<p>Los m\u00e1s de 20 a\u00f1os de experiencia de AA Professional Bail Bonding hacen que esta compa\u00f1\u00eda de fianzas sea la m\u00e1s calificada en el condado de Fulton, Georgia. Nuestro personal de fianzas expertos asegura que todo est\u00e9 en orden para que pueda llevar a su ser querido a casa lo m\u00e1s r\u00e1pido posible. AA Professional Bail Bonding en Fulton County ofrece servicios de fianza r\u00e1pida y f\u00e1cil a las tarifas m\u00e1s razonables. Llame 24\/7 para asistencia.<\/p>\n<hr \/>\n<div class='content-column one_half'><p>\n<strong>Fulton County Jail \u2014 Atlanta<\/strong><br \/>\n901 Rice Street NW<br \/>\nAtlanta, GA 30318-4900<br \/>\n<a href=\"tel:404-613-2000\">(404) 613-2000<\/a><\/p>\n<p>\n<strong>Fulton County Jail \u2014 Roswell<\/strong><br \/>\n39 Hill Street<br \/>\nRoswell, GA 30075-4536<br \/>\n<a href=\"tel:770-640-4130\">(770) 640-4130<\/a><\/p>\n<p>\n<strong>Fulton County Jail \u2014 US Prison Bureau (Federal)<\/strong><br \/>\n3800 Camp Creek Parkway SW<br \/>\nAtlanta, GA 30331-6247<br \/>\n<a href=\"tel:678-686-1200\">(678) 686-1200<\/a><\/p><\/div><div class='content-column one_half last_column'><p>\n<strong>Fulton County Superior Court \u2014 Atlanta<\/strong><br \/>\n136 Pryor Street SW<br \/>\nAtlanta, GA<br \/>\n<a href=\"tel:404-656-4964\">(404) 656-4964<\/a><\/p>\n<p>\n<strong>Fulton County Magistrate Court \u2014 Atlanta<\/strong><br \/>\n185 Central Avenue SW, #TG400<br \/>\nAtlanta, GA<br \/>\n<a href=\"tel:404-730-5078\">(404) 730-5078<\/a><\/p>\n<p>\n<strong>Fulton County Probate Court \u2014 Atlanta<\/strong><br \/>\n5600 Stonewall Tell Road, #218<br \/>\nAtlanta, GA<br \/>\n<a href=\"tel:770-306-3046\">(770) 306-3046<\/a><\/p><\/div><div class='clear_column'><\/div><\/p>\n<hr>\n<p>Llame hoy al <a href=\"tel:678-831-0470\">(678) 831-0470<\/a> or <a href=\"tel:888-588-1705\">(888) 588-1705<\/a> o visite nuestra oficina en Lawrenceville para obtener m\u00e1s informaci\u00f3n sobre los bonos de fianza del condado de Fulton.<\/p>","protected":false},"excerpt":{"rendered":"<p>Rescatar a un amigo o ser querido de la c\u00e1rcel R\u00c1PIDAMENTE con AA Professional Bail Bonding en el condado de Fulton. Los m\u00e1s de 20 a\u00f1os de experiencia de AA Professional Bail Bonding hacen que esta compa\u00f1\u00eda de fianzas sea la m\u00e1s calificada en el condado de Fulton, Georgia. Nuestro personal de fianzas expertos asegura [&#8230;]<\/p>\n<p><a class=\"btn btn-secondary\" href=\"https:\/\/gabailbonding.com\/es\/fulton-county\/\">Leer m\u00e1s&#8230;<i data-feather=\"arrow-right\"><\/i><\/a><\/p>\n","protected":false},"author":1,"featured_media":0,"parent":0,"menu_order":0,"comment_status":"closed","ping_status":"closed","template":"page-templates\/right-sidebarpage.php","meta":{"footnotes":""},"class_list":["post-235","page","type-page","status-publish","hentry"],"_links":{"self":[{"href":"https:\/\/gabailbonding.com\/es\/wp-json\/wp\/v2\/pages\/235","targetHints":{"allow":["GET"]}}],"collection":[{"href":"https:\/\/gabailbonding.com\/es\/wp-json\/wp\/v2\/pages"}],"about":[{"href":"https:\/\/gabailbonding.com\/es\/wp-json\/wp\/v2\/types\/page"}],"author":[{"embeddable":true,"href":"https:\/\/gabailbonding.com\/es\/wp-json\/wp\/v2\/users\/1"}],"replies":[{"embeddable":true,"href":"https:\/\/gabailbonding.com\/es\/wp-json\/wp\/v2\/comments?post=235"}],"version-history":[{"count":0,"href":"https:\/\/gabailbonding.com\/es\/wp-json\/wp\/v2\/pages\/235\/revisions"}],"wp:attachment":[{"href":"https:\/\/gabailbonding.com\/es\/wp-json\/wp\/v2\/media?parent=235"}],"curies":[{"name":"wp","href":"https:\/\/api.w.org\/{rel}","templated":true}]}}