{"id":239,"date":"2017-12-07T18:36:02","date_gmt":"2017-12-07T18:36:02","guid":{"rendered":"http:\/\/165.227.112.51\/?page_id=239"},"modified":"2024-04-15T17:57:52","modified_gmt":"2024-04-15T17:57:52","slug":"hall-county","status":"publish","type":"page","link":"https:\/\/gabailbonding.com\/es\/hall-county\/","title":{"rendered":"Condado de Hall"},"content":{"rendered":"<p>R\u00e1pido y f\u00e1cil, AA Professional Bail Bonding puede obtener su fianza en Hall County y Gainesville, Georgia.<\/p>\n<p>AA Professional Bail Bonding quiere ayudarlo a llevar a su ser querido a casa de forma r\u00e1pida y econ\u00f3mica. Nuestro personal profesional y cort\u00e9s no solo lo ayudar\u00e1 con sus tr\u00e1mites, sino que tambi\u00e9n dar\u00e1 los pasos adecuados con las autoridades para que su ser querido est\u00e9 en casa de forma r\u00e1pida y segura.<\/p>\n<hr>\n<div class='content-column one_half'><p>\n<strong>Hall County Jail \u2014 Gainesville<\/strong><br \/>\n1694 Barber Rd<br \/>\nGainesville, GA 30507-8350<br \/>\n<a href=\"tel:770-531-6904\">(770) 531-6904<\/a><\/p><\/div><div class='content-column one_half last_column'><p>\n<strong>Hall County Magistrate, Probate &amp; Superior Court \u2014 Gainesville<\/strong><br \/>\n225 Green Street SE<br \/>\nGainesville, GA<br \/>\nMagistrate: <a href=\"tel:770-531-6912\">(770) 531-6912<\/a><br \/>\nProbate: <a href=\"tel:770-531-6921\">(770) 531-6921<\/a><br \/>\nSuperior: <a href=\"tel:770-531-6996\">(770) 531-6996<\/a><\/p><\/div><div class='clear_column'><\/div><\/p>\n<hr>\n<p>Llame al <a href=\"tel:678-831-0470\">(678) 831-0470<\/a> o <a href=\"tel:888-588-1705\">(888) 588-1705<\/a> o visite nuestra oficina de Lawrenceville hoy para hablar con uno de nuestros expertos miembros del personal.<\/p>","protected":false},"excerpt":{"rendered":"<p>R\u00e1pido y f\u00e1cil, AA Professional Bail Bonding puede obtener su fianza en Hall County y Gainesville, Georgia. AA Professional Bail Bonding quiere ayudarlo a llevar a su ser querido a casa de forma r\u00e1pida y econ\u00f3mica. Nuestro personal profesional y cort\u00e9s no solo lo ayudar\u00e1 con sus tr\u00e1mites, sino que tambi\u00e9n dar\u00e1 los pasos adecuados [&#8230;]<\/p>\n<p><a class=\"btn btn-secondary\" href=\"https:\/\/gabailbonding.com\/es\/hall-county\/\">Leer m\u00e1s&#8230;<i data-feather=\"arrow-right\"><\/i><\/a><\/p>\n","protected":false},"author":1,"featured_media":0,"parent":0,"menu_order":0,"comment_status":"closed","ping_status":"closed","template":"page-templates\/right-sidebarpage.php","meta":{"footnotes":""},"class_list":["post-239","page","type-page","status-publish","hentry"],"_links":{"self":[{"href":"https:\/\/gabailbonding.com\/es\/wp-json\/wp\/v2\/pages\/239","targetHints":{"allow":["GET"]}}],"collection":[{"href":"https:\/\/gabailbonding.com\/es\/wp-json\/wp\/v2\/pages"}],"about":[{"href":"https:\/\/gabailbonding.com\/es\/wp-json\/wp\/v2\/types\/page"}],"author":[{"embeddable":true,"href":"https:\/\/gabailbonding.com\/es\/wp-json\/wp\/v2\/users\/1"}],"replies":[{"embeddable":true,"href":"https:\/\/gabailbonding.com\/es\/wp-json\/wp\/v2\/comments?post=239"}],"version-history":[{"count":0,"href":"https:\/\/gabailbonding.com\/es\/wp-json\/wp\/v2\/pages\/239\/revisions"}],"wp:attachment":[{"href":"https:\/\/gabailbonding.com\/es\/wp-json\/wp\/v2\/media?parent=239"}],"curies":[{"name":"wp","href":"https:\/\/api.w.org\/{rel}","templated":true}]}}