{"id":34,"date":"2017-11-23T15:02:37","date_gmt":"2017-11-23T15:02:37","guid":{"rendered":"http:\/\/localhost:8080\/?page_id=34"},"modified":"2024-04-15T17:48:58","modified_gmt":"2024-04-15T17:48:58","slug":"makes-us-different","status":"publish","type":"page","link":"https:\/\/gabailbonding.com\/es\/about-us\/makes-us-different\/","title":{"rendered":"\u00bfQu\u00e9 Nos Hace Diferentes"},"content":{"rendered":"<p>Charles Shaw comenz\u00f3 la AA Bail Bond profesional de negocios 10 a\u00f1os despu\u00e9s de servir en la ley y los campos de aplicaci\u00f3n de la ley. Desde entonces, el negocio ha crecido hasta convertirse en la empresa m\u00e1s grande de la libertad bajo fianza de bonos en el condado de Gwinnett.<\/p>\n<p>Shaw y sus conocimientos del personal de la empresa no tienen parang\u00f3n en la zona. Como resultado, AA fianza profesional es capaz de ayudar a los necesitados con los bonos r\u00e1pido, f\u00e1cil y asequible.<\/p>\n<p>Amplio conocimiento de Shaw ha sido incluso reconocido por el estado de Georgia cuando lo certificado para ense\u00f1ar una clase de educaci\u00f3n continua a los dem\u00e1s en el negocio. Shaw es m\u00e1s que un pu\u00f1ado de personas con esta certificaci\u00f3n.<\/p>\n<p>Con el fin de ayudar a tu amor una casa r\u00e1pidamente, AA Fianzas Fianzas profesional en la actualidad presta servicios a los siguientes condados.<\/p>\n<p>Condado de Gwinnett<br \/>\nCondado de Clayton<br \/>\nCondado de Bartow<br \/>\nCondado de Fulton<\/p>\n<p>Condado de Barrow<br \/>\nCondado de Henry<br \/>\nCondado de Forsyth<br \/>\nCondado de Dekalb<br \/>\nFederal\/Immigracion<\/p>\n<p>Si usted se encuentra en la necesidad de una fianza de uni\u00f3n llamada AA fianza profesional y llevar a su ser querido en casa.<\/p>","protected":false},"excerpt":{"rendered":"<p>Charles Shaw comenz\u00f3 la AA Bail Bond profesional de negocios 10 a\u00f1os despu\u00e9s de servir en la ley y los campos de aplicaci\u00f3n de la ley. Desde entonces, el negocio ha crecido hasta convertirse en la empresa m\u00e1s grande de la libertad bajo fianza de bonos en el condado de Gwinnett. Shaw y sus conocimientos [&#8230;]<\/p>\n<p><a class=\"btn btn-secondary\" href=\"https:\/\/gabailbonding.com\/es\/about-us\/makes-us-different\/\">Leer m\u00e1s&#8230;<i data-feather=\"arrow-right\"><\/i><\/a><\/p>\n","protected":false},"author":1,"featured_media":0,"parent":16,"menu_order":0,"comment_status":"closed","ping_status":"closed","template":"page-templates\/right-sidebarpage.php","meta":{"footnotes":""},"class_list":["post-34","page","type-page","status-publish","hentry"],"_links":{"self":[{"href":"https:\/\/gabailbonding.com\/es\/wp-json\/wp\/v2\/pages\/34","targetHints":{"allow":["GET"]}}],"collection":[{"href":"https:\/\/gabailbonding.com\/es\/wp-json\/wp\/v2\/pages"}],"about":[{"href":"https:\/\/gabailbonding.com\/es\/wp-json\/wp\/v2\/types\/page"}],"author":[{"embeddable":true,"href":"https:\/\/gabailbonding.com\/es\/wp-json\/wp\/v2\/users\/1"}],"replies":[{"embeddable":true,"href":"https:\/\/gabailbonding.com\/es\/wp-json\/wp\/v2\/comments?post=34"}],"version-history":[{"count":0,"href":"https:\/\/gabailbonding.com\/es\/wp-json\/wp\/v2\/pages\/34\/revisions"}],"up":[{"embeddable":true,"href":"https:\/\/gabailbonding.com\/es\/wp-json\/wp\/v2\/pages\/16"}],"wp:attachment":[{"href":"https:\/\/gabailbonding.com\/es\/wp-json\/wp\/v2\/media?parent=34"}],"curies":[{"name":"wp","href":"https:\/\/api.w.org\/{rel}","templated":true}]}}