{"id":343,"date":"2017-12-12T15:47:44","date_gmt":"2017-12-12T15:47:44","guid":{"rendered":"http:\/\/165.227.112.51\/?page_id=343"},"modified":"2017-12-12T15:47:44","modified_gmt":"2017-12-12T15:47:44","slug":"fayette-county","status":"publish","type":"page","link":"https:\/\/gabailbonding.com\/es\/fayette-county\/","title":{"rendered":"Fayette County"},"content":{"rendered":"<p>AA Professional Bail Bonding ayuda a los reclusos en el condado de Fayette, Georgia, a salir bajo fianza. Cont\u00e1ctenos hoy si necesita una fianza en Fayette County. Recuerde: llame primero a nuestra oficina; no vayas a la c\u00e1rcel.<\/p>\n<p>C\u00e1rcel del Condado de Fayette<br \/>\n145 Johnson Ave<br \/>\nFayetteville, GA 30214<\/p>","protected":false},"excerpt":{"rendered":"<p>AA Professional Bail Bonding ayuda a los reclusos en el condado de Fayette, Georgia, a salir bajo fianza. Cont\u00e1ctenos hoy si necesita una fianza en Fayette County. Recuerde: llame primero a nuestra oficina; no vayas a la c\u00e1rcel. C\u00e1rcel del Condado de Fayette 145 Johnson Ave Fayetteville, GA 30214 [&#8230;]<\/p>\n<p><a class=\"btn btn-secondary\" href=\"https:\/\/gabailbonding.com\/es\/fayette-county\/\">Leer m\u00e1s&#8230;<i data-feather=\"arrow-right\"><\/i><\/a><\/p>\n","protected":false},"author":1,"featured_media":0,"parent":0,"menu_order":0,"comment_status":"closed","ping_status":"closed","template":"","meta":{"footnotes":""},"class_list":["post-343","page","type-page","status-publish","hentry"],"_links":{"self":[{"href":"https:\/\/gabailbonding.com\/es\/wp-json\/wp\/v2\/pages\/343","targetHints":{"allow":["GET"]}}],"collection":[{"href":"https:\/\/gabailbonding.com\/es\/wp-json\/wp\/v2\/pages"}],"about":[{"href":"https:\/\/gabailbonding.com\/es\/wp-json\/wp\/v2\/types\/page"}],"author":[{"embeddable":true,"href":"https:\/\/gabailbonding.com\/es\/wp-json\/wp\/v2\/users\/1"}],"replies":[{"embeddable":true,"href":"https:\/\/gabailbonding.com\/es\/wp-json\/wp\/v2\/comments?post=343"}],"version-history":[{"count":0,"href":"https:\/\/gabailbonding.com\/es\/wp-json\/wp\/v2\/pages\/343\/revisions"}],"wp:attachment":[{"href":"https:\/\/gabailbonding.com\/es\/wp-json\/wp\/v2\/media?parent=343"}],"curies":[{"name":"wp","href":"https:\/\/api.w.org\/{rel}","templated":true}]}}