{"id":363,"date":"2017-12-14T16:37:51","date_gmt":"2017-12-14T16:37:51","guid":{"rendered":"http:\/\/165.227.112.51\/?page_id=363"},"modified":"2024-04-15T17:56:33","modified_gmt":"2024-04-15T17:56:33","slug":"bartow-county","status":"publish","type":"page","link":"https:\/\/gabailbonding.com\/es\/bartow-county\/","title":{"rendered":"Condado de Bartow"},"content":{"rendered":"<p><\/p>\n<h2>Obtenga un bono de fianza del condado de Bartow r\u00e1pidamente de AA Professional Bail Bonding.<\/h2>\n<p>Obtener un bono de fianza en el Condado de Bartow es asequible y f\u00e1cil cuando contacta a AA Professional Bail Bonding.<\/p>\n<h3>C\u00f3mo sacar a alguien de la c\u00e1rcel del condado de Bartow.<\/h3>\n<p>Si un amigo o un ser querido est\u00e1 en la c\u00e1rcel en el condado de Bartow, Georgia, ll\u00e1menos primero cuando necesite obtener una fianza. Recuerde: no vaya a la c\u00e1rcel. AA Professional Bail Bonding est\u00e1 abierto las 24 horas del d\u00eda, los siete d\u00edas de la semana, y siempre est\u00e1 listo para ayudar a sacar a un recluso de la c\u00e1rcel lo m\u00e1s r\u00e1pido posible. Nuestro personal es cort\u00e9s y amable, y ofrece tarifas asequibles e incluso planes de pago para quienes lo necesitan. Perm\u00edtanos ayudarle a obtener una fianza de Bartow County hoy.<\/p>\n<hr>\n<p><div class='content-column one_half'><strong>Bartow County Jail<\/strong><br \/>\n104 Zena Drive<br \/>\nCartersville, GA 30121<br \/>\nTelephone: <a href=\"tel:770-382-5050\">(770) 382-5050<\/a><\/p>\n<p><strong>Bartow County Courts<\/strong><br \/>\n135 West Cherokee, Avenue<br \/>\nCartersville, GA 30120<br \/>\nTelephone: <a href=\"tel:770-387-5025\">(770) 387-5025<\/a><\/p>\n<p><strong>Cartersville Municipal Court<\/strong><br \/>\n178 West Main, Street<br \/>\nCartersville, GA 30120<br \/>\nTelephone: <a href=\"tel:770-387-5651\">(770) 387-5651<\/a><\/p>\n<p><strong>Emerson Municipal Court<\/strong><br \/>\n700 Highway 293<br \/>\nEmerson, GA 30701<br \/>\nTelephone: <a href=\"tel:770-386-6696\">(770) 386-6696<\/a><br \/><\/div><div class='content-column one_half last_column'><strong>Euharlee Municipal Court<\/strong><br \/>\n30 Burge&#8217;s Mill, Road<br \/>\nEuharlee, GA 30145<br \/>\nTelephone: <a href=\"tel:770-386-1542\">(770) 386-1542<\/a><\/p>\n<p><strong>Adairsville Municipal Court<\/strong><br \/>\n116 Public, Square<br \/>\nAdairsville, GA 30103<br \/>\nTelephone: <a href=\"tel:770-773-3451\">(770) 773-3451<\/a><\/p>\n<p><strong>Kingston Municipal Court<\/strong><br \/>\nP.O. Box 309<br \/>\nKingston, GA 30145<br \/>\nTelephone: <a href=\"tel:770-336-5905\">(770) 336-5905<\/a><br \/><\/div><div class='clear_column'><\/div><\/p>","protected":false},"excerpt":{"rendered":"<p>Obtenga un bono de fianza del condado de Bartow r\u00e1pidamente de AA Professional Bail Bonding. Obtener un bono de fianza en el Condado de Bartow es asequible y f\u00e1cil cuando contacta a AA Professional Bail Bonding. C\u00f3mo sacar a alguien de la c\u00e1rcel del condado de Bartow. Si un amigo o un ser querido est\u00e1 [&#8230;]<\/p>\n<p><a class=\"btn btn-secondary\" href=\"https:\/\/gabailbonding.com\/es\/bartow-county\/\">Leer m\u00e1s&#8230;<i data-feather=\"arrow-right\"><\/i><\/a><\/p>\n","protected":false},"author":1,"featured_media":0,"parent":0,"menu_order":0,"comment_status":"closed","ping_status":"closed","template":"page-templates\/right-sidebarpage.php","meta":{"footnotes":""},"class_list":["post-363","page","type-page","status-publish","hentry"],"_links":{"self":[{"href":"https:\/\/gabailbonding.com\/es\/wp-json\/wp\/v2\/pages\/363","targetHints":{"allow":["GET"]}}],"collection":[{"href":"https:\/\/gabailbonding.com\/es\/wp-json\/wp\/v2\/pages"}],"about":[{"href":"https:\/\/gabailbonding.com\/es\/wp-json\/wp\/v2\/types\/page"}],"author":[{"embeddable":true,"href":"https:\/\/gabailbonding.com\/es\/wp-json\/wp\/v2\/users\/1"}],"replies":[{"embeddable":true,"href":"https:\/\/gabailbonding.com\/es\/wp-json\/wp\/v2\/comments?post=363"}],"version-history":[{"count":0,"href":"https:\/\/gabailbonding.com\/es\/wp-json\/wp\/v2\/pages\/363\/revisions"}],"wp:attachment":[{"href":"https:\/\/gabailbonding.com\/es\/wp-json\/wp\/v2\/media?parent=363"}],"curies":[{"name":"wp","href":"https:\/\/api.w.org\/{rel}","templated":true}]}}