{"id":365,"date":"2017-12-14T16:38:07","date_gmt":"2017-12-14T16:38:07","guid":{"rendered":"http:\/\/165.227.112.51\/?page_id=365"},"modified":"2024-04-15T17:54:59","modified_gmt":"2024-04-15T17:54:59","slug":"alpharetta","status":"publish","type":"page","link":"https:\/\/gabailbonding.com\/es\/alpharetta\/","title":{"rendered":"Alpharetta"},"content":{"rendered":"<p>Obtenga una fianza en Alpharetta, Georgia, de AA Professional Bail Bonding.<\/p>\n<p>Si necesita una fianza para un recluso detenido en una prisi\u00f3n de Alpharetta o North Fulton County, llame a AA Professional Bail Bonding. Nuestro personal est\u00e1 listo siete d\u00edas a la semana para atender su llamada y ayudarlo a trav\u00e9s del proceso de fianza.<\/p>\n<p>Proceso para obtener una fianza en Alpharetta<\/p>\n<p>\u00a1No necesitas ir a la c\u00e1rcel! En su lugar, llame a AA Professional Bail Bonding y obtenga toda su documentaci\u00f3n por adelantado. Tambi\u00e9n le ahorrar\u00e1 dinero, ya que podemos ofrecer mejores ofertas que en la c\u00e1rcel y tambi\u00e9n ofrecerle planes de pago.<\/p>\n<p>Alpharetta Jail<br \/>\n2565 Old Milton Pkwy<br \/>\nAlpharetta, GA 30009-2100<br \/>\n(404) 612-3432<\/p>","protected":false},"excerpt":{"rendered":"<p>Obtenga una fianza en Alpharetta, Georgia, de AA Professional Bail Bonding. Si necesita una fianza para un recluso detenido en una prisi\u00f3n de Alpharetta o North Fulton County, llame a AA Professional Bail Bonding. Nuestro personal est\u00e1 listo siete d\u00edas a la semana para atender su llamada y ayudarlo a trav\u00e9s del proceso de fianza. [&#8230;]<\/p>\n<p><a class=\"btn btn-secondary\" href=\"https:\/\/gabailbonding.com\/es\/alpharetta\/\">Leer m\u00e1s&#8230;<i data-feather=\"arrow-right\"><\/i><\/a><\/p>\n","protected":false},"author":1,"featured_media":0,"parent":0,"menu_order":0,"comment_status":"closed","ping_status":"closed","template":"page-templates\/right-sidebarpage.php","meta":{"footnotes":""},"class_list":["post-365","page","type-page","status-publish","hentry"],"_links":{"self":[{"href":"https:\/\/gabailbonding.com\/es\/wp-json\/wp\/v2\/pages\/365","targetHints":{"allow":["GET"]}}],"collection":[{"href":"https:\/\/gabailbonding.com\/es\/wp-json\/wp\/v2\/pages"}],"about":[{"href":"https:\/\/gabailbonding.com\/es\/wp-json\/wp\/v2\/types\/page"}],"author":[{"embeddable":true,"href":"https:\/\/gabailbonding.com\/es\/wp-json\/wp\/v2\/users\/1"}],"replies":[{"embeddable":true,"href":"https:\/\/gabailbonding.com\/es\/wp-json\/wp\/v2\/comments?post=365"}],"version-history":[{"count":0,"href":"https:\/\/gabailbonding.com\/es\/wp-json\/wp\/v2\/pages\/365\/revisions"}],"wp:attachment":[{"href":"https:\/\/gabailbonding.com\/es\/wp-json\/wp\/v2\/media?parent=365"}],"curies":[{"name":"wp","href":"https:\/\/api.w.org\/{rel}","templated":true}]}}