{"id":39,"date":"2017-11-23T15:09:06","date_gmt":"2017-11-23T15:09:06","guid":{"rendered":"http:\/\/localhost:8080\/?page_id=39"},"modified":"2024-09-17T11:56:37","modified_gmt":"2024-09-17T11:56:37","slug":"find-us","status":"publish","type":"page","link":"https:\/\/gabailbonding.com\/es\/about-us\/find-us\/","title":{"rendered":"Encu\u00e9ntrenos"},"content":{"rendered":"<p><strong>AA PROFESSIONAL BAIL BONDING<\/strong> actualmente sirve a siete condados en Georgia, por lo que es el m\u00e1s accesible de la zona. Todas las transacciones se pueden hacer en la oficina o por tel\u00e9fono, incluso fuera del estado.<\/p>\n<p><strong>Ubicaci\u00f3n de la oficina<\/strong><br \/>\nAA Professional Bail Bonding<br \/>\n774 Buford Drive<br \/>\nLawrenceville, GA 30043<\/p>\n<p><strong>Barrow ubicaci\u00f3n<\/strong><br \/>\n85 Zena Drive<br \/>\nCartersville, GA 30121<\/p>\n<p><strong>N\u00fameros de tel\u00e9fono<\/strong><br \/>\nLocal: <a href=\"tel:678-831-0470\">(678) 831-0470<\/a><br \/>\nNacional: <a href=\"tel:888-588-1705\">(888) 588-1705<\/a><\/p>\n<p>Llame hoy mismo y comenzar el proceso f\u00e1cil y r\u00e1pido a los precios m\u00e1s razonables.<\/p>","protected":false},"excerpt":{"rendered":"<p>AA PROFESSIONAL BAIL BONDING actualmente sirve a siete condados en Georgia, por lo que es el m\u00e1s accesible de la zona. Todas las transacciones se pueden hacer en la oficina o por tel\u00e9fono, incluso fuera del estado. Ubicaci\u00f3n de la oficina AA Professional Bail Bonding 774 Buford Drive Lawrenceville, GA 30043 Barrow ubicaci\u00f3n 85 Zena [&#8230;]<\/p>\n<p><a class=\"btn btn-secondary\" href=\"https:\/\/gabailbonding.com\/es\/about-us\/find-us\/\">Leer m\u00e1s&#8230;<i data-feather=\"arrow-right\"><\/i><\/a><\/p>\n","protected":false},"author":1,"featured_media":0,"parent":16,"menu_order":0,"comment_status":"closed","ping_status":"closed","template":"page-templates\/right-sidebarpage.php","meta":{"footnotes":""},"class_list":["post-39","page","type-page","status-publish","hentry"],"_links":{"self":[{"href":"https:\/\/gabailbonding.com\/es\/wp-json\/wp\/v2\/pages\/39","targetHints":{"allow":["GET"]}}],"collection":[{"href":"https:\/\/gabailbonding.com\/es\/wp-json\/wp\/v2\/pages"}],"about":[{"href":"https:\/\/gabailbonding.com\/es\/wp-json\/wp\/v2\/types\/page"}],"author":[{"embeddable":true,"href":"https:\/\/gabailbonding.com\/es\/wp-json\/wp\/v2\/users\/1"}],"replies":[{"embeddable":true,"href":"https:\/\/gabailbonding.com\/es\/wp-json\/wp\/v2\/comments?post=39"}],"version-history":[{"count":0,"href":"https:\/\/gabailbonding.com\/es\/wp-json\/wp\/v2\/pages\/39\/revisions"}],"up":[{"embeddable":true,"href":"https:\/\/gabailbonding.com\/es\/wp-json\/wp\/v2\/pages\/16"}],"wp:attachment":[{"href":"https:\/\/gabailbonding.com\/es\/wp-json\/wp\/v2\/media?parent=39"}],"curies":[{"name":"wp","href":"https:\/\/api.w.org\/{rel}","templated":true}]}}