{"id":48,"date":"2017-11-24T18:48:19","date_gmt":"2017-11-24T18:48:19","guid":{"rendered":"http:\/\/localhost:8080\/?page_id=48"},"modified":"2024-04-15T17:50:25","modified_gmt":"2024-04-15T17:50:25","slug":"how-to-bail-someone-out-of-jail","status":"publish","type":"page","link":"https:\/\/gabailbonding.com\/es\/process\/how-to-bail-someone-out-of-jail\/","title":{"rendered":"C\u00f3mo bail alguien de la c\u00e1rcel"},"content":{"rendered":"<p>El proceso de sacar a un amigo o ser querido de la c\u00e1rcel, ya sea en Clayton, Cobb, DeKalb, Fulton, Gwinnett u otra c\u00e1rcel del condado, puede parecer complicado y desalentador. Sin embargo, si sigue los pasos y procedimientos correctos, el proceso puede ser indoloro.<\/p>\n<h2>Pasos para rescatar a un ser querido de la c\u00e1rcel<\/h2>\n<p>Independientemente del tipo de ofensa, siga estos pasos para sacar a alguien de la c\u00e1rcel en el \u00e1rea metropolitana de Atlanta y m\u00e1s all\u00e1:<\/p>\n<h3>Obtener la informaci\u00f3n<\/h3>\n<p>Este primer paso es crucial. Muchas personas est\u00e1n tan nerviosas por la idea de que un ser querido sea arrestado, olvidan este importante paso. Localice a su ser querido y descubra cu\u00e1nto ser\u00e1 su fianza.<\/p>\n<h3>Comun\u00edquese con la oficina m\u00e1s cercana de AA de fianzas profesional <\/h3>\n<p>El personal experimentado y amable lo guiar\u00e1 en el proceso de obtenci\u00f3n de un bono y la liberaci\u00f3n de su ser querido. Aseg\u00farese de tener toda la informaci\u00f3n requerida antes de llegar a la oficina para agilizar el proceso.<\/p>\n<h3>Proceso completo<\/h3>\n<p>Su agente de AA Bail Bonding lo guiar\u00e1 a trav\u00e9s de todo el proceso en cada paso del camino para asegurarse de que tenga en claro todos los documentos. Despu\u00e9s de que se acuerde y pague un plazo aceptable, AA Professional Bail Bonding se encargar\u00e1 del resto del proceso.<\/p>\n<h3>Recoja a su ser querido<\/h3>\n<p>AA Professional Bail Bonding le indicar\u00e1 que vaya a la c\u00e1rcel donde est\u00e1 siendo encarcelado. Despu\u00e9s de aproximadamente 20 minutos, podr\u00e1s llevarlos a casa.<\/p>\n<p>ES IMPORTANTE RECORDAR NO IR A LA C\u00c1RCEL antes de comprar un bono. Las c\u00e1rceles no podr\u00e1n ayudarlo y pueden hacer que el proceso sea m\u00e1s largo de lo necesario. Al llamar primero a AA Professional Bail Bonds, recibir\u00e1 el servicio m\u00e1s r\u00e1pido y eficiente en el \u00e1rea.<\/p>","protected":false},"excerpt":{"rendered":"<p>El proceso de sacar a un amigo o ser querido de la c\u00e1rcel, ya sea en Clayton, Cobb, DeKalb, Fulton, Gwinnett u otra c\u00e1rcel del condado, puede parecer complicado y desalentador. Sin embargo, si sigue los pasos y procedimientos correctos, el proceso puede ser indoloro. Pasos para rescatar a un ser querido de la c\u00e1rcel [&#8230;]<\/p>\n<p><a class=\"btn btn-secondary\" href=\"https:\/\/gabailbonding.com\/es\/process\/how-to-bail-someone-out-of-jail\/\">Leer m\u00e1s&#8230;<i data-feather=\"arrow-right\"><\/i><\/a><\/p>\n","protected":false},"author":1,"featured_media":0,"parent":42,"menu_order":0,"comment_status":"closed","ping_status":"closed","template":"page-templates\/right-sidebarpage.php","meta":{"footnotes":""},"class_list":["post-48","page","type-page","status-publish","hentry"],"_links":{"self":[{"href":"https:\/\/gabailbonding.com\/es\/wp-json\/wp\/v2\/pages\/48","targetHints":{"allow":["GET"]}}],"collection":[{"href":"https:\/\/gabailbonding.com\/es\/wp-json\/wp\/v2\/pages"}],"about":[{"href":"https:\/\/gabailbonding.com\/es\/wp-json\/wp\/v2\/types\/page"}],"author":[{"embeddable":true,"href":"https:\/\/gabailbonding.com\/es\/wp-json\/wp\/v2\/users\/1"}],"replies":[{"embeddable":true,"href":"https:\/\/gabailbonding.com\/es\/wp-json\/wp\/v2\/comments?post=48"}],"version-history":[{"count":0,"href":"https:\/\/gabailbonding.com\/es\/wp-json\/wp\/v2\/pages\/48\/revisions"}],"up":[{"embeddable":true,"href":"https:\/\/gabailbonding.com\/es\/wp-json\/wp\/v2\/pages\/42"}],"wp:attachment":[{"href":"https:\/\/gabailbonding.com\/es\/wp-json\/wp\/v2\/media?parent=48"}],"curies":[{"name":"wp","href":"https:\/\/api.w.org\/{rel}","templated":true}]}}