{"id":58,"date":"2017-11-26T17:13:36","date_gmt":"2017-11-26T17:13:36","guid":{"rendered":"http:\/\/localhost:8080\/?page_id=58"},"modified":"2024-04-15T17:52:11","modified_gmt":"2024-04-15T17:52:11","slug":"how-a-bond-works","status":"publish","type":"page","link":"https:\/\/gabailbonding.com\/es\/bonds\/how-a-bond-works\/","title":{"rendered":"\u00bfC\u00f3mo funciona una fianza de"},"content":{"rendered":"<p>Un bono es un compromiso contractual entre un agente de fianza y la persona que compra el bono. Al comprar un bono, el agente de libertad bajo fianza proporciona una garant\u00eda a los tribunales de que el acusado comparecer\u00e1 ante el tribunal cada vez que sea citado.<\/p>\n<p>Adem\u00e1s, el bono le permite al familiar o amigo que compra el bono liberar a un ser querido de la c\u00e1rcel sin tener que pagar el monto total del bono.<\/p>\n<p>A su llegada a AA Professional Bail Bonding, una compa\u00f1\u00eda local de fianzas que presta servicios en Atlanta, Lawrenceville y las ciudades y condados circundantes, su agente de fianzas contactar\u00e1 a la c\u00e1rcel correspondiente para determinar la cantidad de fianza necesaria y crear una fianza para que el cliente la compre.<\/p>","protected":false},"excerpt":{"rendered":"<p>Un bono es un compromiso contractual entre un agente de fianza y la persona que compra el bono. Al comprar un bono, el agente de libertad bajo fianza proporciona una garant\u00eda a los tribunales de que el acusado comparecer\u00e1 ante el tribunal cada vez que sea citado. Adem\u00e1s, el bono le permite al familiar o [&#8230;]<\/p>\n<p><a class=\"btn btn-secondary\" href=\"https:\/\/gabailbonding.com\/es\/bonds\/how-a-bond-works\/\">Leer m\u00e1s&#8230;<i data-feather=\"arrow-right\"><\/i><\/a><\/p>\n","protected":false},"author":1,"featured_media":0,"parent":55,"menu_order":0,"comment_status":"closed","ping_status":"closed","template":"page-templates\/right-sidebarpage.php","meta":{"footnotes":""},"class_list":["post-58","page","type-page","status-publish","hentry"],"_links":{"self":[{"href":"https:\/\/gabailbonding.com\/es\/wp-json\/wp\/v2\/pages\/58","targetHints":{"allow":["GET"]}}],"collection":[{"href":"https:\/\/gabailbonding.com\/es\/wp-json\/wp\/v2\/pages"}],"about":[{"href":"https:\/\/gabailbonding.com\/es\/wp-json\/wp\/v2\/types\/page"}],"author":[{"embeddable":true,"href":"https:\/\/gabailbonding.com\/es\/wp-json\/wp\/v2\/users\/1"}],"replies":[{"embeddable":true,"href":"https:\/\/gabailbonding.com\/es\/wp-json\/wp\/v2\/comments?post=58"}],"version-history":[{"count":0,"href":"https:\/\/gabailbonding.com\/es\/wp-json\/wp\/v2\/pages\/58\/revisions"}],"up":[{"embeddable":true,"href":"https:\/\/gabailbonding.com\/es\/wp-json\/wp\/v2\/pages\/55"}],"wp:attachment":[{"href":"https:\/\/gabailbonding.com\/es\/wp-json\/wp\/v2\/media?parent=58"}],"curies":[{"name":"wp","href":"https:\/\/api.w.org\/{rel}","templated":true}]}}