{"id":71,"date":"2017-11-26T17:19:19","date_gmt":"2017-11-26T17:19:19","guid":{"rendered":"http:\/\/localhost:8080\/?page_id=71"},"modified":"2024-04-15T18:55:12","modified_gmt":"2024-04-15T18:55:12","slug":"local-resources","status":"publish","type":"page","link":"https:\/\/gabailbonding.com\/es\/local-resources\/","title":{"rendered":"Recursos locales"},"content":{"rendered":"<p><\/p>\n<p id=\"tw-target-text\" class=\"tw-data-text tw-ta tw-text-small\" dir=\"ltr\" data-placeholder=\"Translation\"><img loading=\"lazy\" decoding=\"async\" class=\"alignright wp-image-223 size-full\" src=\"https:\/\/gabailbonding.com\/wp-content\/uploads\/2017\/12\/Local-Resources-AA-Professional-Bail-Bonding-Atlanta-and-Lawrenceville.jpg\" alt=\"Local Resources for Counties Served from AA Professional Bail Bonding in Lawrenceville\" width=\"414\" height=\"290\" srcset=\"https:\/\/gabailbonding.com\/wp-content\/uploads\/2017\/12\/Local-Resources-AA-Professional-Bail-Bonding-Atlanta-and-Lawrenceville.jpg 414w, https:\/\/gabailbonding.com\/wp-content\/uploads\/2017\/12\/Local-Resources-AA-Professional-Bail-Bonding-Atlanta-and-Lawrenceville-300x210.jpg 300w\" sizes=\"auto, (max-width: 414px) 100vw, 414px\" \/><span lang=\"es\">AA Professional Bail Bonding actualmente sirve a los siguientes condados<br \/>\n<\/span><span lang=\"es\">en Georgia.<\/span><\/p>\n<p class=\"tw-data-text tw-ta tw-text-small\" dir=\"ltr\" data-placeholder=\"Translation\"><span lang=\"es\">Haga clic en un condado para ver el \u00e1rea de c\u00e1rceles y tribunales:<\/span><\/p>\n<div class=\"col-lg-6 col-md-6 col-sm-12\"><div class='content-column one_half'><ul>\n<li><a href=\"\/gwinnett-county\">Gwinnett County<\/a><\/li>\n<li><a href=\"\/dekalb-county\">Dekalb County<\/a><\/li>\n<li><a href=\"\/clayton-county\">Clayton County<\/a><\/li>\n<li><a href=\"\/bartow-county\">Bartow County<\/a><\/li>\n<li><a href=\"\/fayette-county\">Fayette County<\/a><\/li>\n<li><a href=\"\/cobb-county\">Cobb County<\/a><\/li>\n<\/ul><\/div><div class='content-column one_half last_column'><ul>\n<li><a href=\"\/fulton-county\">Fulton County<\/a><\/li>\n<li><a href=\"\/alpharetta\">Alpharetta<\/a><\/li>\n<li><a href=\"\/henry-county\">Henry County<\/a><\/li>\n<li><a href=\"\/forsyth-county\">Forsyth County<\/a><\/li>\n<li><a href=\"\/barrow-county\">Barrow County<\/a><\/li>\n<\/ul><\/div><div class='clear_column'><\/div><\/p>\n<\/div>\n<p id=\"tw-target-text\" class=\"tw-data-text tw-ta tw-text-small\" dir=\"ltr\" data-placeholder=\"Translation\"><span lang=\"es\">Situado en Lawrenceville, Georgia, AA Professional Bail Bonding est\u00e1 abierto las 24 horas del d\u00eda, los siete d\u00edas de la semana. Todas las fianzas se pueden comprar en la oficina, por tel\u00e9fono o por fax. Se pueden comprar fianzas de hasta $ 2,500 en l\u00ednea.<\/span><\/p>\n<p><\/p>","protected":false},"excerpt":{"rendered":"<p>AA Professional Bail Bonding actualmente sirve a los siguientes condados en Georgia. Haga clic en un condado para ver el \u00e1rea de c\u00e1rceles y tribunales: Situado en Lawrenceville, Georgia, AA Professional Bail Bonding est\u00e1 abierto las 24 horas del d\u00eda, los siete d\u00edas de la semana. Todas las fianzas se pueden comprar en la oficina, [&#8230;]<\/p>\n<p><a class=\"btn btn-secondary\" href=\"https:\/\/gabailbonding.com\/es\/local-resources\/\">Leer m\u00e1s&#8230;<i data-feather=\"arrow-right\"><\/i><\/a><\/p>\n","protected":false},"author":1,"featured_media":0,"parent":0,"menu_order":0,"comment_status":"closed","ping_status":"closed","template":"","meta":{"footnotes":""},"class_list":["post-71","page","type-page","status-publish","hentry"],"_links":{"self":[{"href":"https:\/\/gabailbonding.com\/es\/wp-json\/wp\/v2\/pages\/71","targetHints":{"allow":["GET"]}}],"collection":[{"href":"https:\/\/gabailbonding.com\/es\/wp-json\/wp\/v2\/pages"}],"about":[{"href":"https:\/\/gabailbonding.com\/es\/wp-json\/wp\/v2\/types\/page"}],"author":[{"embeddable":true,"href":"https:\/\/gabailbonding.com\/es\/wp-json\/wp\/v2\/users\/1"}],"replies":[{"embeddable":true,"href":"https:\/\/gabailbonding.com\/es\/wp-json\/wp\/v2\/comments?post=71"}],"version-history":[{"count":0,"href":"https:\/\/gabailbonding.com\/es\/wp-json\/wp\/v2\/pages\/71\/revisions"}],"wp:attachment":[{"href":"https:\/\/gabailbonding.com\/es\/wp-json\/wp\/v2\/media?parent=71"}],"curies":[{"name":"wp","href":"https:\/\/api.w.org\/{rel}","templated":true}]}}