{"id":73,"date":"2017-11-26T17:20:10","date_gmt":"2017-11-26T17:20:10","guid":{"rendered":"http:\/\/localhost:8080\/?page_id=73"},"modified":"2024-01-08T16:50:48","modified_gmt":"2024-01-08T16:50:48","slug":"information","status":"publish","type":"page","link":"https:\/\/gabailbonding.com\/es\/information\/","title":{"rendered":"Info"},"content":{"rendered":"<p>El proceso de fianza puede parecer desalentador, estresante y complicado. Nuestro personal experto est\u00e1 disponible las 24 horas del d\u00eda, los siete d\u00edas de la semana, para responder cualquier pregunta que pueda tener sobre el proceso.<\/p>\n<p>Aqu\u00ed le brindamos informaci\u00f3n importante y recursos adicionales para que el proceso pueda ser r\u00e1pido y sin dolor.<\/p>\n<hr \/>\n<p><img loading=\"lazy\" decoding=\"async\" class=\"wp-image-195 size-full alignnone\" src=\"https:\/\/gabailbonding.com\/wp-content\/uploads\/2017\/12\/Bail-Bonds-Information-AA-Professional-Bail-Bonding-Lawrenceville.jpg\" alt=\"Bail Bonding Information in Atlanta, Georgia\" width=\"425\" height=\"282\" srcset=\"https:\/\/gabailbonding.com\/wp-content\/uploads\/2017\/12\/Bail-Bonds-Information-AA-Professional-Bail-Bonding-Lawrenceville.jpg 425w, https:\/\/gabailbonding.com\/wp-content\/uploads\/2017\/12\/Bail-Bonds-Information-AA-Professional-Bail-Bonding-Lawrenceville-300x199.jpg 300w\" sizes=\"auto, (max-width: 425px) 100vw, 425px\" \/><\/p>","protected":false},"excerpt":{"rendered":"<p>El proceso de fianza puede parecer desalentador, estresante y complicado. Nuestro personal experto est\u00e1 disponible las 24 horas del d\u00eda, los siete d\u00edas de la semana, para responder cualquier pregunta que pueda tener sobre el proceso. Aqu\u00ed le brindamos informaci\u00f3n importante y recursos adicionales para que el proceso pueda ser r\u00e1pido y sin dolor. [&#8230;]<\/p>\n<p><a class=\"btn btn-secondary\" href=\"https:\/\/gabailbonding.com\/es\/information\/\">Leer m\u00e1s&#8230;<i data-feather=\"arrow-right\"><\/i><\/a><\/p>\n","protected":false},"author":1,"featured_media":0,"parent":0,"menu_order":0,"comment_status":"closed","ping_status":"closed","template":"page-templates\/articles-sidebarpage.php","meta":{"footnotes":""},"class_list":["post-73","page","type-page","status-publish","hentry"],"_links":{"self":[{"href":"https:\/\/gabailbonding.com\/es\/wp-json\/wp\/v2\/pages\/73","targetHints":{"allow":["GET"]}}],"collection":[{"href":"https:\/\/gabailbonding.com\/es\/wp-json\/wp\/v2\/pages"}],"about":[{"href":"https:\/\/gabailbonding.com\/es\/wp-json\/wp\/v2\/types\/page"}],"author":[{"embeddable":true,"href":"https:\/\/gabailbonding.com\/es\/wp-json\/wp\/v2\/users\/1"}],"replies":[{"embeddable":true,"href":"https:\/\/gabailbonding.com\/es\/wp-json\/wp\/v2\/comments?post=73"}],"version-history":[{"count":0,"href":"https:\/\/gabailbonding.com\/es\/wp-json\/wp\/v2\/pages\/73\/revisions"}],"wp:attachment":[{"href":"https:\/\/gabailbonding.com\/es\/wp-json\/wp\/v2\/media?parent=73"}],"curies":[{"name":"wp","href":"https:\/\/api.w.org\/{rel}","templated":true}]}}