{"id":82,"date":"2017-11-26T18:39:03","date_gmt":"2017-11-26T18:39:03","guid":{"rendered":"http:\/\/localhost:8080\/?page_id=82"},"modified":"2017-12-09T22:37:21","modified_gmt":"2017-12-09T22:37:21","slug":"testimonials","status":"publish","type":"page","link":"https:\/\/gabailbonding.com\/es\/about-us\/testimonials\/","title":{"rendered":"Testimonios"},"content":{"rendered":"<p>Hemos tenido clientes satisfechos desde el d\u00eda en nuestras puertas se abrieron. Vea lo que tienen que decir sobre el personal de AA Professional Bail Bonding.<\/p>\n<div class=\"testimonials\">\n<p><cite>Me trataron con la mayor preocupaci\u00f3n y cortes\u00eda por AA Professional Bail Bonds staff. Eran muy profesionales, y sin duda m\u00e1s amable y servicial. Ellos me han permitido completar el proceso con la menor cantidad de estr\u00e9s y ansiedad.\u00bb<br \/>\n<\/cite>Cliente, Stone Mountain<\/p>\n<p><cite>Nunca pensamos que \u00edbamos a necesitar los servicios de una compa\u00f1\u00eda de fianzas, pero cuando lo hicimos, AA Professional Bail Bonds nos ense\u00f1\u00f3 el verdadero significado de servicio al cliente y compromiso con su compromiso de la empresa.\u00bb<br \/>\n<\/cite>Cliente, Sugarloaf<\/p>\n<p><cite>Su servicio es el mejor. Hace poco tuve un caso en el que su firma fue m\u00e1s all\u00e1 de lo que otras compa\u00f1\u00edas de fianzas que hacer por el cliente. Como resultado, \u00e9l y su familia quedaron muy impresionados y se puso fuera de nuestra relaci\u00f3n con buen pie. Cuando le ped\u00ed un anticipo razonable, que se pag\u00f3 puntualmente. En parte, por la manera ejemplar en que la asistencia del cliente.\u00bb<br \/>\n<\/cite>Attorney, Lawrenceville<\/p>\n<p><cite>Me sent\u00ed tan impotente cuando mi hija me llam\u00f3 desde la c\u00e1rcel en Georgia. Ella va a la escuela all\u00ed y fue arrestado por un DUI. Yo hab\u00eda llamado a otras empresas y que no me ayudar\u00eda. A los pocos minutos de hablar a su oficina, me dijeron que ser\u00eda capaz de sacarla para m\u00ed y lo hicieron. Estoy muy agradecida. Realmente aprecio su ayuda.\u00bb<br \/>\n<\/cite>Cliente, Dallas, TX<\/p>\n<p><cite>A las 1:30 de la ma\u00f1ana recib\u00ed una llamada de mi hijo. La llama no parentwants de conseguir. Me sub\u00ed al Internet para ver a qui\u00e9n debo llamar para pedir ayuda. Vivir dos estados de distancia me sent\u00eda impotente. llam\u00e9 AA Professional Bail Bonds y me dieron toda la ayuda y la informaci\u00f3n que necesitaba. Tambi\u00e9n hicieron un llamado para ver si todo sali\u00f3 bien y mi hijo estaba en casa a salvo. No puedo agradecerles lo suficiente por toda su ayuda y amabilidad. \u00a1Gracias!\u00bb<br \/>\n<\/cite>Cliente, Louisville, Kentucky<\/p>\n<\/div>\n<p><\/p>","protected":false},"excerpt":{"rendered":"<p>Hemos tenido clientes satisfechos desde el d\u00eda en nuestras puertas se abrieron. Vea lo que tienen que decir sobre el personal de AA Professional Bail Bonding. Me trataron con la mayor preocupaci\u00f3n y cortes\u00eda por AA Professional Bail Bonds staff. Eran muy profesionales, y sin duda m\u00e1s amable y servicial. Ellos me han permitido completar [&#8230;]<\/p>\n<p><a class=\"btn btn-secondary\" href=\"https:\/\/gabailbonding.com\/es\/about-us\/testimonials\/\">Leer m\u00e1s&#8230;<i data-feather=\"arrow-right\"><\/i><\/a><\/p>\n","protected":false},"author":1,"featured_media":0,"parent":16,"menu_order":0,"comment_status":"closed","ping_status":"closed","template":"page-templates\/right-sidebarpage.php","meta":{"footnotes":""},"class_list":["post-82","page","type-page","status-publish","hentry"],"_links":{"self":[{"href":"https:\/\/gabailbonding.com\/es\/wp-json\/wp\/v2\/pages\/82","targetHints":{"allow":["GET"]}}],"collection":[{"href":"https:\/\/gabailbonding.com\/es\/wp-json\/wp\/v2\/pages"}],"about":[{"href":"https:\/\/gabailbonding.com\/es\/wp-json\/wp\/v2\/types\/page"}],"author":[{"embeddable":true,"href":"https:\/\/gabailbonding.com\/es\/wp-json\/wp\/v2\/users\/1"}],"replies":[{"embeddable":true,"href":"https:\/\/gabailbonding.com\/es\/wp-json\/wp\/v2\/comments?post=82"}],"version-history":[{"count":0,"href":"https:\/\/gabailbonding.com\/es\/wp-json\/wp\/v2\/pages\/82\/revisions"}],"up":[{"embeddable":true,"href":"https:\/\/gabailbonding.com\/es\/wp-json\/wp\/v2\/pages\/16"}],"wp:attachment":[{"href":"https:\/\/gabailbonding.com\/es\/wp-json\/wp\/v2\/media?parent=82"}],"curies":[{"name":"wp","href":"https:\/\/api.w.org\/{rel}","templated":true}]}}